{"id":1435,"date":"2026-03-19T07:40:13","date_gmt":"2026-03-19T06:40:13","guid":{"rendered":"https:\/\/cristinasierra.com\/?page_id=1435"},"modified":"2026-03-20T08:02:01","modified_gmt":"2026-03-20T07:02:01","slug":"conoceme","status":"publish","type":"page","link":"https:\/\/cristinasierra.com\/?page_id=1435","title":{"rendered":"CRISTINA SIERRA"},"content":{"rendered":"\t\t<div data-elementor-type=\"wp-page\" data-elementor-id=\"1435\" class=\"elementor elementor-1435\">\n\t\t\t\t<div class=\"elementor-element elementor-element-f2ac6e9 e-flex e-con-boxed e-con e-parent\" data-id=\"f2ac6e9\" data-element_type=\"container\" data-e-type=\"container\">\n\t\t\t\t\t<div class=\"e-con-inner\">\n\t\t\t\t<div class=\"elementor-element elementor-element-ba28bea elementor-widget elementor-widget-text-editor\" data-id=\"ba28bea\" data-element_type=\"widget\" data-e-type=\"widget\" data-widget_type=\"text-editor.default\">\n\t\t\t\t<div class=\"elementor-widget-container\">\n\t\t\t\t\t\t\t\t\t<h1 data-start=\"944\" data-end=\"1028\">Ingeniera t\u00e9cnica agr\u00edcola y ganadera<\/h1><h2 data-start=\"1033\" data-end=\"1196\">Trabajo con ganado berrendo en negro y cerdo ib\u00e9rico, y ayudo a otros ganaderos a gestionar sus fincas con soluciones pr\u00e1cticas, adaptadas a la realidad del campo.<\/h2>\t\t\t\t\t\t\t\t<\/div>\n\t\t\t\t<\/div>\n\t\t\t\t\t<\/div>\n\t\t\t\t<\/div>\n\t\t<div class=\"elementor-element elementor-element-a407556 e-flex e-con-boxed e-con e-parent\" data-id=\"a407556\" data-element_type=\"container\" data-e-type=\"container\">\n\t\t\t\t\t<div class=\"e-con-inner\">\n\t\t\t\t<div class=\"elementor-element elementor-element-425b405 elementor-widget elementor-widget-button\" data-id=\"425b405\" data-element_type=\"widget\" data-e-type=\"widget\" data-widget_type=\"button.default\">\n\t\t\t\t<div class=\"elementor-widget-container\">\n\t\t\t\t\t\t\t\t\t<div class=\"elementor-button-wrapper\">\n\t\t\t\t\t<a class=\"elementor-button elementor-button-link elementor-size-sm\" href=\"https:\/\/wa.me\/959190089\">\n\t\t\t\t\t\t<span class=\"elementor-button-content-wrapper\">\n\t\t\t\t\t\t<span class=\"elementor-button-icon\">\n\t\t\t\t<svg aria-hidden=\"true\" class=\"e-font-icon-svg e-fab-whatsapp\" viewBox=\"0 0 448 512\" xmlns=\"http:\/\/www.w3.org\/2000\/svg\"><path d=\"M380.9 97.1C339 55.1 283.2 32 223.9 32c-122.4 0-222 99.6-222 222 0 39.1 10.2 77.3 29.6 111L0 480l117.7-30.9c32.4 17.7 68.9 27 106.1 27h.1c122.3 0 224.1-99.6 224.1-222 0-59.3-25.2-115-67.1-157zm-157 341.6c-33.2 0-65.7-8.9-94-25.7l-6.7-4-69.8 18.3L72 359.2l-4.4-7c-18.5-29.4-28.2-63.3-28.2-98.2 0-101.7 82.8-184.5 184.6-184.5 49.3 0 95.6 19.2 130.4 54.1 34.8 34.9 56.2 81.2 56.1 130.5 0 101.8-84.9 184.6-186.6 184.6zm101.2-138.2c-5.5-2.8-32.8-16.2-37.9-18-5.1-1.9-8.8-2.8-12.5 2.8-3.7 5.6-14.3 18-17.6 21.8-3.2 3.7-6.5 4.2-12 1.4-32.6-16.3-54-29.1-75.5-66-5.7-9.8 5.7-9.1 16.3-30.3 1.8-3.7.9-6.9-.5-9.7-1.4-2.8-12.5-30.1-17.1-41.2-4.5-10.8-9.1-9.3-12.5-9.5-3.2-.2-6.9-.2-10.6-.2-3.7 0-9.7 1.4-14.8 6.9-5.1 5.6-19.4 19-19.4 46.3 0 27.3 19.9 53.7 22.6 57.4 2.8 3.7 39.1 59.7 94.8 83.8 35.2 15.2 49 16.5 66.6 13.9 10.7-1.6 32.8-13.4 37.4-26.4 4.6-13 4.6-24.1 3.2-26.4-1.3-2.5-5-3.9-10.5-6.6z\"><\/path><\/svg>\t\t\t<\/span>\n\t\t\t\t\t\t\t\t\t<span class=\"elementor-button-text\">Cu\u00e9ntame tu caso<\/span>\n\t\t\t\t\t<\/span>\n\t\t\t\t\t<\/a>\n\t\t\t\t<\/div>\n\t\t\t\t\t\t\t\t<\/div>\n\t\t\t\t<\/div>\n\t\t\t\t\t<\/div>\n\t\t\t\t<\/div>\n\t\t<div class=\"elementor-element elementor-element-4c0ed0f e-flex e-con-boxed e-con e-parent\" data-id=\"4c0ed0f\" data-element_type=\"container\" data-e-type=\"container\">\n\t\t\t\t\t<div class=\"e-con-inner\">\n\t\t\t\t<div class=\"elementor-element elementor-element-5f7c1df elementor-widget elementor-widget-video\" data-id=\"5f7c1df\" data-element_type=\"widget\" data-e-type=\"widget\" data-settings=\"{&quot;video_type&quot;:&quot;hosted&quot;,&quot;controls&quot;:&quot;yes&quot;}\" data-widget_type=\"video.default\">\n\t\t\t\t<div class=\"elementor-widget-container\">\n\t\t\t\t\t\t\t<div class=\"e-hosted-video elementor-wrapper elementor-open-inline\">\n\t\t\t\t\t<video class=\"elementor-video\" src=\"https:\/\/cristinasierra.com\/wp-content\/uploads\/2026\/03\/WIN_20260319_15_56_54_Pro.mp4\" controls=\"\" preload=\"metadata\" controlsList=\"nodownload\"><\/video>\n\t\t\t\t<\/div>\n\t\t\t\t\t\t<\/div>\n\t\t\t\t<\/div>\n\t\t\t\t\t<\/div>\n\t\t\t\t<\/div>\n\t\t<div class=\"elementor-element elementor-element-3220d2c e-flex e-con-boxed e-con e-parent\" data-id=\"3220d2c\" data-element_type=\"container\" data-e-type=\"container\">\n\t\t\t\t\t<div class=\"e-con-inner\">\n\t\t\t\t<div class=\"elementor-element elementor-element-1ddba39 elementor-widget elementor-widget-image\" data-id=\"1ddba39\" data-element_type=\"widget\" data-e-type=\"widget\" data-widget_type=\"image.default\">\n\t\t\t\t<div class=\"elementor-widget-container\">\n\t\t\t\t\t\t\t\t\t\t\t\t\t\t\t<img decoding=\"async\" src=\"https:\/\/cristinasierra.com\/wp-content\/uploads\/2026\/03\/WIN_20260319_15_56_54_Pro.mp4\" title=\"\" alt=\"\" loading=\"lazy\" \/>\t\t\t\t\t\t\t\t\t\t\t\t\t\t\t<\/div>\n\t\t\t\t<\/div>\n\t\t\t\t\t<\/div>\n\t\t\t\t<\/div>\n\t\t<div class=\"elementor-element elementor-element-4e66184 e-flex e-con-boxed e-con e-parent\" data-id=\"4e66184\" data-element_type=\"container\" data-e-type=\"container\">\n\t\t\t\t\t<div class=\"e-con-inner\">\n\t\t\t\t<div class=\"elementor-element elementor-element-8a1d055 elementor-widget elementor-widget-text-editor\" data-id=\"8a1d055\" data-element_type=\"widget\" data-e-type=\"widget\" data-widget_type=\"text-editor.default\">\n\t\t\t\t<div class=\"elementor-widget-container\">\n\t\t\t\t\t\t\t\t\t<h4>Soy ingeniera t\u00e9cnica agr\u00edcola, ganadera y formadora.<br data-start=\"610\" data-end=\"613\" \/>Llevo m\u00e1s de 20 a\u00f1os en el sector y acompa\u00f1o a personas que quieren poner en marcha o mejorar su explotaci\u00f3n, ayud\u00e1ndoles a ordenar ideas, priorizar decisiones y avanzar con sentido.<\/h4><h4>Me gusta trabajar como me hubiera gustado que me acompa\u00f1aran a m\u00ed: con claridad, cercan\u00eda y soluciones reales, cumpliendo la normativa y mejorando cada finca paso a paso.<span style=\"font-size: 20px;\">\u00a0<\/span><\/h4><h4>No es un camino f\u00e1cil, pero s\u00ed posible.<br data-start=\"1055\" data-end=\"1058\" \/>Juntos podemos allanarlo, tomando decisiones t\u00e9cnicas y administrativas que permitan que tu proyecto avance de forma coherente.<span style=\"font-size: 20px;\">\u00a0<\/span><\/h4><div><h4 data-start=\"1243\" data-end=\"1419\">Compatibilizo mi trabajo como ingeniera con mi propio proyecto: la finca Los Llanos, en Santa Olalla del Cala, donde cr\u00edo vacuno berrendo en negro y cerdo ib\u00e9rico en extensivo.<\/h4><h4 data-start=\"1424\" data-end=\"1502\">Es la base desde la que aplico en primera persona todo lo que despu\u00e9s asesoro.<\/h4><\/div>\t\t\t\t\t\t\t\t<\/div>\n\t\t\t\t<\/div>\n\t\t\t\t\t<\/div>\n\t\t\t\t<\/div>\n\t\t<div class=\"elementor-element elementor-element-60462a5 e-flex e-con-boxed e-con e-parent\" data-id=\"60462a5\" data-element_type=\"container\" data-e-type=\"container\">\n\t\t\t\t\t<div class=\"e-con-inner\">\n\t\t\t\t<div class=\"elementor-element elementor-element-dda87b4 elementor-widget elementor-widget-text-editor\" data-id=\"dda87b4\" data-element_type=\"widget\" data-e-type=\"widget\" data-widget_type=\"text-editor.default\">\n\t\t\t\t<div class=\"elementor-widget-container\">\n\t\t\t\t\t\t\t\t\t<h2>\u00bfC\u00f3mo puedo ayudarte?<\/h2><blockquote data-start=\"1563\" data-end=\"1931\"><h2 data-start=\"1565\" data-end=\"1931\">\ud83d\udee0\ufe0f Asesoramiento t\u00e9cnico integral, realista y adaptado a cada caso<br data-start=\"1632\" data-end=\"1635\" \/>\ud83d\udcd1 Proyectos, memorias, informes y gesti\u00f3n de tr\u00e1mites<br data-start=\"1691\" data-end=\"1694\" \/>\ud83c\udf93 Formaci\u00f3n especializada en bienestar animal, fitosanitarios, biocidas y agricultura ecol\u00f3gica<br data-start=\"1792\" data-end=\"1795\" \/>\ud83c\udf3e Experiencia directa como ganadera: hablo desde la pr\u00e1ctica<br data-start=\"1858\" data-end=\"1861\" \/>\ud83d\udcac Visi\u00f3n global del campo, con compromiso y enfoque a largo plazo<\/h2><\/blockquote>\t\t\t\t\t\t\t\t<\/div>\n\t\t\t\t<\/div>\n\t\t\t\t\t<\/div>\n\t\t\t\t<\/div>\n\t\t<div class=\"elementor-element elementor-element-d4b20dc e-flex e-con-boxed e-con e-parent\" data-id=\"d4b20dc\" data-element_type=\"container\" data-e-type=\"container\">\n\t\t\t\t\t<div class=\"e-con-inner\">\n\t\t\t\t<div class=\"elementor-element elementor-element-4ca64ec elementor-widget elementor-widget-text-editor\" data-id=\"4ca64ec\" data-element_type=\"widget\" data-e-type=\"widget\" data-widget_type=\"text-editor.default\">\n\t\t\t\t<div class=\"elementor-widget-container\">\n\t\t\t\t\t\t\t\t\t<h3 data-start=\"1973\" data-end=\"2056\">Me encantar\u00eda vivir del campo.<br data-start=\"2003\" data-end=\"2006\" \/>Y me encantar\u00eda que t\u00fa tambi\u00e9n pudieras hacerlo.<\/h3><h3 data-start=\"2061\" data-end=\"2123\">Ese sigue siendo mi objetivo.<br data-start=\"2090\" data-end=\"2093\" \/>\ud83d\udc9a Por eso trabajo cada d\u00eda.<\/h3>\t\t\t\t\t\t\t\t<\/div>\n\t\t\t\t<\/div>\n\t\t\t\t\t<\/div>\n\t\t\t\t<\/div>\n\t\t<div class=\"elementor-element elementor-element-6b98679 e-flex e-con-boxed e-con e-parent\" data-id=\"6b98679\" data-element_type=\"container\" data-e-type=\"container\">\n\t\t\t\t\t<div class=\"e-con-inner\">\n\t\t\t\t<div class=\"elementor-element elementor-element-ccc482c elementor-widget elementor-widget-text-editor\" data-id=\"ccc482c\" data-element_type=\"widget\" data-e-type=\"widget\" data-widget_type=\"text-editor.default\">\n\t\t\t\t<div class=\"elementor-widget-container\">\n\t\t\t\t\t\t\t\t\t<h2>\ud83d\udc49 \u00bfTienes una finca, una idea o una necesidad concreta? Escr\u00edbeme.<br data-start=\"2237\" data-end=\"2240\" \/>Estoy aqu\u00ed para ayudarte a dar el siguiente paso.<\/h2>\t\t\t\t\t\t\t\t<\/div>\n\t\t\t\t<\/div>\n\t\t\t\t\t<\/div>\n\t\t\t\t<\/div>\n\t\t<div class=\"elementor-element elementor-element-f401f87 e-flex e-con-boxed e-con e-parent\" data-id=\"f401f87\" data-element_type=\"container\" data-e-type=\"container\">\n\t\t\t\t\t<div class=\"e-con-inner\">\n\t\t\t\t<div class=\"elementor-element elementor-element-0a902e6 elementor-widget elementor-widget-button\" data-id=\"0a902e6\" data-element_type=\"widget\" data-e-type=\"widget\" data-widget_type=\"button.default\">\n\t\t\t\t<div class=\"elementor-widget-container\">\n\t\t\t\t\t\t\t\t\t<div class=\"elementor-button-wrapper\">\n\t\t\t\t\t<a class=\"elementor-button elementor-button-link elementor-size-sm\" href=\"https:\/\/wa.me\/959190089\">\n\t\t\t\t\t\t<span class=\"elementor-button-content-wrapper\">\n\t\t\t\t\t\t<span class=\"elementor-button-icon\">\n\t\t\t\t<svg aria-hidden=\"true\" class=\"e-font-icon-svg e-fab-whatsapp\" viewBox=\"0 0 448 512\" xmlns=\"http:\/\/www.w3.org\/2000\/svg\"><path d=\"M380.9 97.1C339 55.1 283.2 32 223.9 32c-122.4 0-222 99.6-222 222 0 39.1 10.2 77.3 29.6 111L0 480l117.7-30.9c32.4 17.7 68.9 27 106.1 27h.1c122.3 0 224.1-99.6 224.1-222 0-59.3-25.2-115-67.1-157zm-157 341.6c-33.2 0-65.7-8.9-94-25.7l-6.7-4-69.8 18.3L72 359.2l-4.4-7c-18.5-29.4-28.2-63.3-28.2-98.2 0-101.7 82.8-184.5 184.6-184.5 49.3 0 95.6 19.2 130.4 54.1 34.8 34.9 56.2 81.2 56.1 130.5 0 101.8-84.9 184.6-186.6 184.6zm101.2-138.2c-5.5-2.8-32.8-16.2-37.9-18-5.1-1.9-8.8-2.8-12.5 2.8-3.7 5.6-14.3 18-17.6 21.8-3.2 3.7-6.5 4.2-12 1.4-32.6-16.3-54-29.1-75.5-66-5.7-9.8 5.7-9.1 16.3-30.3 1.8-3.7.9-6.9-.5-9.7-1.4-2.8-12.5-30.1-17.1-41.2-4.5-10.8-9.1-9.3-12.5-9.5-3.2-.2-6.9-.2-10.6-.2-3.7 0-9.7 1.4-14.8 6.9-5.1 5.6-19.4 19-19.4 46.3 0 27.3 19.9 53.7 22.6 57.4 2.8 3.7 39.1 59.7 94.8 83.8 35.2 15.2 49 16.5 66.6 13.9 10.7-1.6 32.8-13.4 37.4-26.4 4.6-13 4.6-24.1 3.2-26.4-1.3-2.5-5-3.9-10.5-6.6z\"><\/path><\/svg>\t\t\t<\/span>\n\t\t\t\t\t\t\t\t\t<span class=\"elementor-button-text\">Cu\u00e9ntame tu caso<\/span>\n\t\t\t\t\t<\/span>\n\t\t\t\t\t<\/a>\n\t\t\t\t<\/div>\n\t\t\t\t\t\t\t\t<\/div>\n\t\t\t\t<\/div>\n\t\t\t\t\t<\/div>\n\t\t\t\t<\/div>\n\t\t\t\t<\/div>\n\t\t","protected":false},"excerpt":{"rendered":"<p>Ingeniera t\u00e9cnica agr\u00edcola y ganadera Trabajo con ganado berrendo en negro y cerdo ib\u00e9rico, y ayudo a otros ganaderos a gestionar sus fincas con soluciones pr\u00e1cticas, adaptadas a la realidad del campo. Cu\u00e9ntame tu caso https:\/\/cristinasierra.com\/wp-content\/uploads\/2026\/03\/WIN_20260319_15_56_54_Pro.mp4 Soy ingeniera t\u00e9cnica agr\u00edcola, ganadera y formadora.Llevo m\u00e1s de 20 a\u00f1os en el sector y acompa\u00f1o a personas que quieren poner en marcha o mejorar su explotaci\u00f3n, ayud\u00e1ndoles a ordenar ideas, priorizar decisiones y&hellip;<\/p>\n","protected":false},"author":1,"featured_media":0,"parent":0,"menu_order":0,"comment_status":"closed","ping_status":"closed","template":"","meta":{"footnotes":""},"class_list":["post-1435","page","type-page","status-publish","hentry"],"_links":{"self":[{"href":"https:\/\/cristinasierra.com\/index.php?rest_route=\/wp\/v2\/pages\/1435","targetHints":{"allow":["GET"]}}],"collection":[{"href":"https:\/\/cristinasierra.com\/index.php?rest_route=\/wp\/v2\/pages"}],"about":[{"href":"https:\/\/cristinasierra.com\/index.php?rest_route=\/wp\/v2\/types\/page"}],"author":[{"embeddable":true,"href":"https:\/\/cristinasierra.com\/index.php?rest_route=\/wp\/v2\/users\/1"}],"replies":[{"embeddable":true,"href":"https:\/\/cristinasierra.com\/index.php?rest_route=%2Fwp%2Fv2%2Fcomments&post=1435"}],"version-history":[{"count":41,"href":"https:\/\/cristinasierra.com\/index.php?rest_route=\/wp\/v2\/pages\/1435\/revisions"}],"predecessor-version":[{"id":1605,"href":"https:\/\/cristinasierra.com\/index.php?rest_route=\/wp\/v2\/pages\/1435\/revisions\/1605"}],"wp:attachment":[{"href":"https:\/\/cristinasierra.com\/index.php?rest_route=%2Fwp%2Fv2%2Fmedia&parent=1435"}],"curies":[{"name":"wp","href":"https:\/\/api.w.org\/{rel}","templated":true}]}}