{"id":1630,"date":"2026-03-20T11:11:01","date_gmt":"2026-03-20T10:11:01","guid":{"rendered":"https:\/\/cristinasierra.com\/?page_id=1630"},"modified":"2026-03-23T12:22:35","modified_gmt":"2026-03-23T11:22:35","slug":"consulta-personalizada","status":"publish","type":"page","link":"https:\/\/cristinasierra.com\/?page_id=1630","title":{"rendered":"Consulta personalizada para tu finca"},"content":{"rendered":"\t\t<div data-elementor-type=\"wp-page\" data-elementor-id=\"1630\" class=\"elementor elementor-1630\">\n\t\t\t\t<div class=\"elementor-element elementor-element-59febd75 e-flex e-con-boxed e-con e-parent\" data-id=\"59febd75\" data-element_type=\"container\" data-e-type=\"container\">\n\t\t\t\t\t<div class=\"e-con-inner\">\n\t\t\t\t<div class=\"elementor-element elementor-element-3d466588 elementor-widget elementor-widget-text-editor\" data-id=\"3d466588\" data-element_type=\"widget\" data-e-type=\"widget\" data-widget_type=\"text-editor.default\">\n\t\t\t\t<div class=\"elementor-widget-container\">\n\t\t\t\t\t\t\t\t\t<div class=\"container\"><div class=\"section\"><h2 data-start=\"485\" data-end=\"610\">Si tienes dudas, un problema concreto o no sabes por d\u00f3nde empezar, te ayudo a verlo claro y a tomar decisiones con criterio t\u00e9cnico.<\/h2><\/div><\/div>\t\t\t\t\t\t\t\t<\/div>\n\t\t\t\t<\/div>\n\t\t\t\t\t<\/div>\n\t\t\t\t<\/div>\n\t\t<div class=\"elementor-element elementor-element-1e78384 e-flex e-con-boxed e-con e-parent\" data-id=\"1e78384\" data-element_type=\"container\" data-e-type=\"container\">\n\t\t\t\t\t<div class=\"e-con-inner\">\n\t\t\t\t<div class=\"elementor-element elementor-element-72b4a26 elementor-widget elementor-widget-text-editor\" data-id=\"72b4a26\" data-element_type=\"widget\" data-e-type=\"widget\" data-widget_type=\"text-editor.default\">\n\t\t\t\t<div class=\"elementor-widget-container\">\n\t\t\t\t\t\t\t\t\t<h1>Evita errores, p\u00e9rdidas de tiempo y decisiones que luego cuestan dinero.<\/h1>\t\t\t\t\t\t\t\t<\/div>\n\t\t\t\t<\/div>\n\t\t\t\t\t<\/div>\n\t\t\t\t<\/div>\n\t\t<div class=\"elementor-element elementor-element-0de2f9d e-flex e-con-boxed e-con e-parent\" data-id=\"0de2f9d\" data-element_type=\"container\" data-e-type=\"container\">\n\t\t\t\t\t<div class=\"e-con-inner\">\n\t\t\t\t<div class=\"elementor-element elementor-element-0ecdbc7 elementor-widget elementor-widget-text-editor\" data-id=\"0ecdbc7\" data-element_type=\"widget\" data-e-type=\"widget\" data-widget_type=\"text-editor.default\">\n\t\t\t\t<div class=\"elementor-widget-container\">\n\t\t\t\t\t\t\t\t\t<h1>\u00bfEN<span style=\"font-size: 34px;\"> QU\u00c9 TE PUEDO AYUDAR?<\/span><\/h1><hr data-start=\"628\" data-end=\"631\" \/><h1 data-section-id=\"16xdcti\" data-start=\"633\" data-end=\"664\"><img decoding=\"async\" class=\"emoji\" role=\"img\" draggable=\"false\" src=\"https:\/\/s.w.org\/images\/core\/emoji\/17.0.2\/svg\/1f4cc.svg\" alt=\"\ud83d\udccc\" \/> Resolver dudas concretas<\/h1><h3 data-section-id=\"16xdcti\" data-start=\"633\" data-end=\"664\">Situaciones puntuales en las que necesitas una respuesta clara y directa.<\/h3><hr data-start=\"743\" data-end=\"746\" \/><h1><img decoding=\"async\" class=\"emoji\" role=\"img\" draggable=\"false\" src=\"https:\/\/s.w.org\/images\/core\/emoji\/17.0.2\/svg\/1f9ed.svg\" alt=\"\ud83e\udded\" \/> Orientar tu explotaci\u00f3n<\/h1><h3 data-section-id=\"1nkg740\" data-start=\"748\" data-end=\"778\">Si no sabes por d\u00f3nde empezar o c\u00f3mo enfocar tu finca, te ayudo a ordenar ideas y prioridades.<\/h3><hr data-start=\"878\" data-end=\"881\" \/><h1 data-section-id=\"rqz0aj\" data-start=\"883\" data-end=\"911\"><img decoding=\"async\" class=\"emoji\" role=\"img\" draggable=\"false\" src=\"https:\/\/s.w.org\/images\/core\/emoji\/17.0.2\/svg\/1f4d1.svg\" alt=\"\ud83d\udcd1\" \/> Revisar documentaci\u00f3n<\/h1><h3 data-section-id=\"rqz0aj\" data-start=\"883\" data-end=\"911\">Analizo tu situaci\u00f3n actual y detecto posibles errores o mejoras antes de que se conviertan en problemas.<\/h3><hr data-start=\"1022\" data-end=\"1025\" \/><h1 data-section-id=\"14p2c9a\" data-start=\"1027\" data-end=\"1064\"><img decoding=\"async\" class=\"emoji\" role=\"img\" draggable=\"false\" src=\"https:\/\/s.w.org\/images\/core\/emoji\/17.0.2\/svg\/2699.svg\" alt=\"\u2699\ufe0f\" \/> Apoyo en la toma de decisiones<\/h1><h3 data-section-id=\"14p2c9a\" data-start=\"1027\" data-end=\"1064\">Te doy criterio t\u00e9cnico para que sepas qu\u00e9 hacer y por qu\u00e9 hacerlo.<\/h3><hr data-start=\"1137\" data-end=\"1140\" \/><h1 data-section-id=\"1pwqydk\" data-start=\"1142\" data-end=\"1182\"><img decoding=\"async\" class=\"emoji\" role=\"img\" draggable=\"false\" src=\"https:\/\/s.w.org\/images\/core\/emoji\/17.0.2\/svg\/1f4b0.svg\" alt=\"\ud83d\udcb0\" \/> TARIFAS<\/h1><h3 data-section-id=\"1pwqydk\" data-start=\"1142\" data-end=\"1182\">Trabajo con tarifas claras y presupuesto previo adaptado a cada caso.<\/h3><h3 data-section-id=\"1pwqydk\" data-start=\"1142\" data-end=\"1182\">Antes de empezar, sabes qu\u00e9 necesitas y cu\u00e1nto te va a costar.<\/h3>\t\t\t\t\t\t\t\t<\/div>\n\t\t\t\t<\/div>\n\t\t\t\t\t<\/div>\n\t\t\t\t<\/div>\n\t\t<div class=\"elementor-element elementor-element-66b7d1f e-flex e-con-boxed e-con e-parent\" data-id=\"66b7d1f\" data-element_type=\"container\" data-e-type=\"container\">\n\t\t\t\t\t<div class=\"e-con-inner\">\n\t\t<div class=\"elementor-element elementor-element-50efe1b e-con-full e-flex e-con e-child\" data-id=\"50efe1b\" data-element_type=\"container\" data-e-type=\"container\">\n\t\t\t\t<div class=\"elementor-element elementor-element-c8e50a2 elementor-widget elementor-widget-text-editor\" data-id=\"c8e50a2\" data-element_type=\"widget\" data-e-type=\"widget\" data-widget_type=\"text-editor.default\">\n\t\t\t\t<div class=\"elementor-widget-container\">\n\t\t\t\t\t\t\t\t\t<h2 style=\"text-align: center;\"><img decoding=\"async\" class=\"emoji\" role=\"img\" draggable=\"false\" src=\"https:\/\/s.w.org\/images\/core\/emoji\/17.0.2\/svg\/1f4f2.svg\" alt=\"\ud83d\udcf2\" \/> Cu\u00e9ntame tu caso y te digo exactamente qu\u00e9 necesitas hacer.<\/h2>\t\t\t\t\t\t\t\t<\/div>\n\t\t\t\t<\/div>\n\t\t\t\t<div class=\"elementor-element elementor-element-225532d elementor-align-center elementor-widget elementor-widget-button\" data-id=\"225532d\" data-element_type=\"widget\" data-e-type=\"widget\" data-widget_type=\"button.default\">\n\t\t\t\t<div class=\"elementor-widget-container\">\n\t\t\t\t\t\t\t\t\t<div class=\"elementor-button-wrapper\">\n\t\t\t\t\t<a class=\"elementor-button elementor-button-link elementor-size-sm\" href=\"https:\/\/wa.me\/959190089\">\n\t\t\t\t\t\t<span class=\"elementor-button-content-wrapper\">\n\t\t\t\t\t\t<span class=\"elementor-button-icon\">\n\t\t\t\t<svg aria-hidden=\"true\" class=\"e-font-icon-svg e-fab-whatsapp\" viewBox=\"0 0 448 512\" xmlns=\"http:\/\/www.w3.org\/2000\/svg\"><path d=\"M380.9 97.1C339 55.1 283.2 32 223.9 32c-122.4 0-222 99.6-222 222 0 39.1 10.2 77.3 29.6 111L0 480l117.7-30.9c32.4 17.7 68.9 27 106.1 27h.1c122.3 0 224.1-99.6 224.1-222 0-59.3-25.2-115-67.1-157zm-157 341.6c-33.2 0-65.7-8.9-94-25.7l-6.7-4-69.8 18.3L72 359.2l-4.4-7c-18.5-29.4-28.2-63.3-28.2-98.2 0-101.7 82.8-184.5 184.6-184.5 49.3 0 95.6 19.2 130.4 54.1 34.8 34.9 56.2 81.2 56.1 130.5 0 101.8-84.9 184.6-186.6 184.6zm101.2-138.2c-5.5-2.8-32.8-16.2-37.9-18-5.1-1.9-8.8-2.8-12.5 2.8-3.7 5.6-14.3 18-17.6 21.8-3.2 3.7-6.5 4.2-12 1.4-32.6-16.3-54-29.1-75.5-66-5.7-9.8 5.7-9.1 16.3-30.3 1.8-3.7.9-6.9-.5-9.7-1.4-2.8-12.5-30.1-17.1-41.2-4.5-10.8-9.1-9.3-12.5-9.5-3.2-.2-6.9-.2-10.6-.2-3.7 0-9.7 1.4-14.8 6.9-5.1 5.6-19.4 19-19.4 46.3 0 27.3 19.9 53.7 22.6 57.4 2.8 3.7 39.1 59.7 94.8 83.8 35.2 15.2 49 16.5 66.6 13.9 10.7-1.6 32.8-13.4 37.4-26.4 4.6-13 4.6-24.1 3.2-26.4-1.3-2.5-5-3.9-10.5-6.6z\"><\/path><\/svg>\t\t\t<\/span>\n\t\t\t\t\t\t\t\t\t<span class=\"elementor-button-text\">Consultar mi caso ahora<\/span>\n\t\t\t\t\t<\/span>\n\t\t\t\t\t<\/a>\n\t\t\t\t<\/div>\n\t\t\t\t\t\t\t\t<\/div>\n\t\t\t\t<\/div>\n\t\t\t\t<\/div>\n\t\t\t\t\t<\/div>\n\t\t\t\t<\/div>\n\t\t<div class=\"elementor-element elementor-element-0aa914b e-flex e-con-boxed e-con e-parent\" data-id=\"0aa914b\" data-element_type=\"container\" data-e-type=\"container\">\n\t\t\t\t\t<div class=\"e-con-inner\">\n\t\t<div class=\"elementor-element elementor-element-4a77fc2 e-con-full e-flex e-con e-child\" data-id=\"4a77fc2\" data-element_type=\"container\" data-e-type=\"container\">\n\t\t\t\t<div class=\"elementor-element elementor-element-71c54cd elementor-widget elementor-widget-text-editor\" data-id=\"71c54cd\" data-element_type=\"widget\" data-e-type=\"widget\" data-widget_type=\"text-editor.default\">\n\t\t\t\t<div class=\"elementor-widget-container\">\n\t\t\t\t\t\t\t\t\t<h2 style=\"text-align: center;\" data-start=\"839\" data-end=\"926\">\u201cSi no sabes qu\u00e9 hacer con tu finca, empieza por aqu\u00ed\u201d<\/h2>\t\t\t\t\t\t\t\t<\/div>\n\t\t\t\t<\/div>\n\t\t\t\t<div class=\"elementor-element elementor-element-b0331c8 elementor-align-center elementor-widget elementor-widget-button\" data-id=\"b0331c8\" data-element_type=\"widget\" data-e-type=\"widget\" data-widget_type=\"button.default\">\n\t\t\t\t<div class=\"elementor-widget-container\">\n\t\t\t\t\t\t\t\t\t<div class=\"elementor-button-wrapper\">\n\t\t\t\t\t<a class=\"elementor-button elementor-button-link elementor-size-sm\" href=\"https:\/\/cristinasierra.com\/?page_id=1679\">\n\t\t\t\t\t\t<span class=\"elementor-button-content-wrapper\">\n\t\t\t\t\t\t\t\t\t<span class=\"elementor-button-text\">Diagn\u00f3stico de finca<\/span>\n\t\t\t\t\t<\/span>\n\t\t\t\t\t<\/a>\n\t\t\t\t<\/div>\n\t\t\t\t\t\t\t\t<\/div>\n\t\t\t\t<\/div>\n\t\t\t\t<\/div>\n\t\t\t\t\t<\/div>\n\t\t\t\t<\/div>\n\t\t<div class=\"elementor-element elementor-element-9487cdf e-flex e-con-boxed e-con e-parent\" data-id=\"9487cdf\" data-element_type=\"container\" data-e-type=\"container\">\n\t\t\t\t\t<div class=\"e-con-inner\">\n\t\t<div class=\"elementor-element elementor-element-23b27aa e-con-full e-flex e-con e-child\" data-id=\"23b27aa\" data-element_type=\"container\" data-e-type=\"container\">\n\t\t\t\t<div class=\"elementor-element elementor-element-b2def16 elementor-widget elementor-widget-text-editor\" data-id=\"b2def16\" data-element_type=\"widget\" data-e-type=\"widget\" data-widget_type=\"text-editor.default\">\n\t\t\t\t<div class=\"elementor-widget-container\">\n\t\t\t\t\t\t\t\t\t<h2 style=\"text-align: center;\"><img decoding=\"async\" class=\"emoji\" role=\"img\" draggable=\"false\" src=\"https:\/\/s.w.org\/images\/core\/emoji\/17.0.2\/svg\/1f4cd.svg\" alt=\"\ud83d\udccd\" \/> Santa Olalla del Cala (Huelva)<br data-start=\"1842\" data-end=\"1845\" \/><img decoding=\"async\" class=\"emoji\" role=\"img\" draggable=\"false\" src=\"https:\/\/s.w.org\/images\/core\/emoji\/17.0.2\/svg\/1f4de.svg\" alt=\"\ud83d\udcde\" \/> 959 190 089 (tambi\u00e9n WhatsApp)<\/h2>\t\t\t\t\t\t\t\t<\/div>\n\t\t\t\t<\/div>\n\t\t\t\t<\/div>\n\t\t\t\t\t<\/div>\n\t\t\t\t<\/div>\n\t\t\t\t<\/div>\n\t\t","protected":false},"excerpt":{"rendered":"<p>Si tienes dudas, un problema concreto o no sabes por d\u00f3nde empezar, te ayudo a verlo claro y a tomar decisiones con criterio t\u00e9cnico. Evita errores, p\u00e9rdidas de tiempo y decisiones que luego cuestan dinero. \u00bfEN QU\u00c9 TE PUEDO AYUDAR? Resolver dudas concretas Situaciones puntuales en las que necesitas una respuesta clara y directa. Orientar tu explotaci\u00f3n Si no sabes por d\u00f3nde empezar o c\u00f3mo enfocar tu finca, te ayudo&hellip;<\/p>\n","protected":false},"author":1,"featured_media":0,"parent":0,"menu_order":0,"comment_status":"closed","ping_status":"closed","template":"","meta":{"footnotes":""},"class_list":["post-1630","page","type-page","status-publish","hentry"],"_links":{"self":[{"href":"https:\/\/cristinasierra.com\/index.php?rest_route=\/wp\/v2\/pages\/1630","targetHints":{"allow":["GET"]}}],"collection":[{"href":"https:\/\/cristinasierra.com\/index.php?rest_route=\/wp\/v2\/pages"}],"about":[{"href":"https:\/\/cristinasierra.com\/index.php?rest_route=\/wp\/v2\/types\/page"}],"author":[{"embeddable":true,"href":"https:\/\/cristinasierra.com\/index.php?rest_route=\/wp\/v2\/users\/1"}],"replies":[{"embeddable":true,"href":"https:\/\/cristinasierra.com\/index.php?rest_route=%2Fwp%2Fv2%2Fcomments&post=1630"}],"version-history":[{"count":8,"href":"https:\/\/cristinasierra.com\/index.php?rest_route=\/wp\/v2\/pages\/1630\/revisions"}],"predecessor-version":[{"id":1728,"href":"https:\/\/cristinasierra.com\/index.php?rest_route=\/wp\/v2\/pages\/1630\/revisions\/1728"}],"wp:attachment":[{"href":"https:\/\/cristinasierra.com\/index.php?rest_route=%2Fwp%2Fv2%2Fmedia&parent=1630"}],"curies":[{"name":"wp","href":"https:\/\/api.w.org\/{rel}","templated":true}]}}