{"id":1640,"date":"2026-03-20T14:35:33","date_gmt":"2026-03-20T13:35:33","guid":{"rendered":"https:\/\/cristinasierra.com\/?page_id=1640"},"modified":"2026-03-23T11:45:54","modified_gmt":"2026-03-23T10:45:54","slug":"cursos-homologados","status":"publish","type":"page","link":"https:\/\/cristinasierra.com\/?page_id=1640","title":{"rendered":"Cursos Homologados"},"content":{"rendered":"\t\t<div data-elementor-type=\"wp-page\" data-elementor-id=\"1640\" class=\"elementor elementor-1640\">\n\t\t\t\t<div class=\"elementor-element elementor-element-2969ed3e e-flex e-con-boxed e-con e-parent\" data-id=\"2969ed3e\" data-element_type=\"container\" data-e-type=\"container\">\n\t\t\t\t\t<div class=\"e-con-inner\">\n\t\t\t\t<div class=\"elementor-element elementor-element-2e1a860d elementor-widget elementor-widget-text-editor\" data-id=\"2e1a860d\" data-element_type=\"widget\" data-e-type=\"widget\" data-widget_type=\"text-editor.default\">\n\t\t\t\t<div class=\"elementor-widget-container\">\n\t\t\t\t\t\t\t\t\t<h2 data-start=\"380\" data-end=\"510\">Imparto cursos homologados por el <span class=\"hover:entity-accent entity-underline inline cursor-pointer align-baseline\"><span class=\"whitespace-normal\">IFAPA<\/span><\/span>, orientados a profesionales del sector agrario y ganadero.<\/h2><h2 data-start=\"512\" data-end=\"576\">Formaci\u00f3n pr\u00e1ctica, actualizada y v\u00e1lida para cumplir normativa.<\/h2><p><!-- \/wp:html --><\/p>\t\t\t\t\t\t\t\t<\/div>\n\t\t\t\t<\/div>\n\t\t\t\t\t<\/div>\n\t\t\t\t<\/div>\n\t\t<div class=\"elementor-element elementor-element-85d3e9a e-flex e-con-boxed e-con e-parent\" data-id=\"85d3e9a\" data-element_type=\"container\" data-e-type=\"container\">\n\t\t\t\t\t<div class=\"e-con-inner\">\n\t\t\t\t<div class=\"elementor-element elementor-element-d49f0fb elementor-widget elementor-widget-text-editor\" data-id=\"d49f0fb\" data-element_type=\"widget\" data-e-type=\"widget\" data-widget_type=\"text-editor.default\">\n\t\t\t\t<div class=\"elementor-widget-container\">\n\t\t\t\t\t\t\t\t\t<h1>Cursos obligatorios para cumplir normativa y trabajar legalmente en el sector agrario.\u201d<\/h1>\t\t\t\t\t\t\t\t<\/div>\n\t\t\t\t<\/div>\n\t\t\t\t\t<\/div>\n\t\t\t\t<\/div>\n\t\t<div class=\"elementor-element elementor-element-5c6f5d1 e-flex e-con-boxed e-con e-parent\" data-id=\"5c6f5d1\" data-element_type=\"container\" data-e-type=\"container\">\n\t\t\t\t\t<div class=\"e-con-inner\">\n\t\t\t\t<div class=\"elementor-element elementor-element-73ac103 elementor-widget elementor-widget-text-editor\" data-id=\"73ac103\" data-element_type=\"widget\" data-e-type=\"widget\" data-widget_type=\"text-editor.default\">\n\t\t\t\t<div class=\"elementor-widget-container\">\n\t\t\t\t\t\t\t\t\t<h2 data-section-id=\"rw5vc0\" data-start=\"583\" data-end=\"608\"><span role=\"text\"><strong data-start=\"586\" data-end=\"608\">\u00c1reas de formaci\u00f3n<\/strong><\/span><\/h2><h3 data-section-id=\"1no5r48\" data-start=\"610\" data-end=\"637\"><span role=\"text\">\ud83d\udc04 <strong data-start=\"617\" data-end=\"637\">Bienestar animal<\/strong><\/span><\/h3><ul data-start=\"639\" data-end=\"821\"><li data-section-id=\"1ix6bb1\" data-start=\"639\" data-end=\"689\">Bienestar animal en explotaciones de rumiantes<\/li><li data-section-id=\"90wdqh\" data-start=\"690\" data-end=\"736\">Bienestar animal en explotaciones porcinas<\/li><li data-section-id=\"1tin0gq\" data-start=\"737\" data-end=\"783\">Bienestar animal en explotaciones av\u00edcolas<\/li><li data-section-id=\"46jjln\" data-start=\"784\" data-end=\"821\">Bienestar animal en el transporte<\/li><\/ul><hr data-start=\"823\" data-end=\"826\" \/><h3 data-section-id=\"3u6jyx\" data-start=\"828\" data-end=\"859\"><span role=\"text\">\ud83c\udf31 <strong data-start=\"835\" data-end=\"859\">Producci\u00f3n ecol\u00f3gica<\/strong><\/span><\/h3><ul data-start=\"861\" data-end=\"951\"><li data-section-id=\"12uzdqc\" data-start=\"861\" data-end=\"884\">Ganader\u00eda ecol\u00f3gica<\/li><li data-section-id=\"1kwd74i\" data-start=\"885\" data-end=\"925\">Conversi\u00f3n a la producci\u00f3n ecol\u00f3gica<\/li><li data-section-id=\"1jb467b\" data-start=\"926\" data-end=\"951\">Agricultura ecol\u00f3gica<\/li><\/ul><hr data-start=\"953\" data-end=\"956\" \/><h3 data-section-id=\"48rwi\" data-start=\"958\" data-end=\"986\"><span role=\"text\">\ud83e\uddea <strong data-start=\"965\" data-end=\"986\">Sanidad e higiene<\/strong><\/span><\/h3><ul data-start=\"988\" data-end=\"1167\"><li data-section-id=\"1kiy9jk\" data-start=\"988\" data-end=\"1032\">Biocidas para la higiene veterinaria (nivel cualificado)<\/li><li data-section-id=\"wt20rq\" data-start=\"1033\" data-end=\"1098\">Biocidas para la higiene veterinaria (nivel cualificado \u2013 espec\u00edfico para rehalas)<\/li><li data-section-id=\"1nm3nfq\" data-start=\"1099\" data-end=\"1167\">Manipulador de alimentos de alto riesgo\u00a0<\/li><\/ul><hr data-start=\"1169\" data-end=\"1172\" \/><h3 data-section-id=\"135an13\" data-start=\"1174\" data-end=\"1199\"><span role=\"text\">\ud83c\udf3e <strong data-start=\"1181\" data-end=\"1199\">Fitosanitarios<\/strong><\/span><\/h3><ul data-start=\"1201\" data-end=\"1339\"><li data-section-id=\"alest\" data-start=\"1201\" data-end=\"1267\">Fitosanitarios \u2013 nivel b\u00e1sico<\/li><li data-section-id=\"vk2yrw\" data-start=\"1268\" data-end=\"1339\">Fitosanitarios \u2013 nivel cualificado<\/li><\/ul>\t\t\t\t\t\t\t\t<\/div>\n\t\t\t\t<\/div>\n\t\t\t\t\t<\/div>\n\t\t\t\t<\/div>\n\t\t<div class=\"elementor-element elementor-element-42500c5 e-flex e-con-boxed e-con e-parent\" data-id=\"42500c5\" data-element_type=\"container\" data-e-type=\"container\">\n\t\t\t\t\t<div class=\"e-con-inner\">\n\t\t\t\t<div class=\"elementor-element elementor-element-866ff4b elementor-widget elementor-widget-text-editor\" data-id=\"866ff4b\" data-element_type=\"widget\" data-e-type=\"widget\" data-widget_type=\"text-editor.default\">\n\t\t\t\t<div class=\"elementor-widget-container\">\n\t\t\t\t\t\t\t\t\t<h2 data-section-id=\"4ceb88\" data-start=\"1346\" data-end=\"1383\"><span role=\"text\"><strong data-start=\"1349\" data-end=\"1383\">\u00bfPara qui\u00e9n es esta formaci\u00f3n?<\/strong><\/span><\/h2><ul data-start=\"1385\" data-end=\"1548\"><li data-section-id=\"15ia81b\" data-start=\"1385\" data-end=\"1413\">Ganaderos y agricultores<\/li><li data-section-id=\"j5islz\" data-start=\"1414\" data-end=\"1443\">Personal de explotaciones<\/li><li data-section-id=\"1wmozr2\" data-start=\"1444\" data-end=\"1500\">Profesionales que necesitan acreditaci\u00f3n obligatoria<\/li><li data-section-id=\"x22w4f\" data-start=\"1501\" data-end=\"1548\">Personas que quieren incorporarse al sector<\/li><\/ul>\t\t\t\t\t\t\t\t<\/div>\n\t\t\t\t<\/div>\n\t\t\t\t\t<\/div>\n\t\t\t\t<\/div>\n\t\t<div class=\"elementor-element elementor-element-bddbda4 e-flex e-con-boxed e-con e-parent\" data-id=\"bddbda4\" data-element_type=\"container\" data-e-type=\"container\">\n\t\t\t\t\t<div class=\"e-con-inner\">\n\t\t\t\t<div class=\"elementor-element elementor-element-806e5da elementor-widget elementor-widget-text-editor\" data-id=\"806e5da\" data-element_type=\"widget\" data-e-type=\"widget\" data-widget_type=\"text-editor.default\">\n\t\t\t\t<div class=\"elementor-widget-container\">\n\t\t\t\t\t\t\t\t\t<h1>Formaci\u00f3n clara, directa y sin complicaciones innecesarias.<\/h1>\t\t\t\t\t\t\t\t<\/div>\n\t\t\t\t<\/div>\n\t\t\t\t\t<\/div>\n\t\t\t\t<\/div>\n\t\t<div class=\"elementor-element elementor-element-45b66b6 e-flex e-con-boxed e-con e-parent\" data-id=\"45b66b6\" data-element_type=\"container\" data-e-type=\"container\">\n\t\t\t\t\t<div class=\"e-con-inner\">\n\t\t\t\t<div class=\"elementor-element elementor-element-15e7bd6 elementor-widget elementor-widget-text-editor\" data-id=\"15e7bd6\" data-element_type=\"widget\" data-e-type=\"widget\" data-widget_type=\"text-editor.default\">\n\t\t\t\t<div class=\"elementor-widget-container\">\n\t\t\t\t\t\t\t\t\t<h2 data-section-id=\"r21qyz\" data-start=\"1637\" data-end=\"1667\"><span role=\"text\"><strong data-start=\"1640\" data-end=\"1667\">\ud83d\udcf2 Solicita informaci\u00f3n<\/strong><\/span><\/h2><h3 data-section-id=\"625qq0\" data-start=\"344\" data-end=\"385\"><span role=\"text\"><strong data-start=\"348\" data-end=\"385\">\u00bfC\u00f3mo quieres hacer la formaci\u00f3n?<\/strong><\/span><\/h3><h4 data-start=\"387\" data-end=\"425\"><span role=\"text\">\ud83d\udc64 <strong data-start=\"395\" data-end=\"425\">Soy una persona individual<\/strong><\/span><\/h4><p data-start=\"426\" data-end=\"496\">Quiero hacer un curso y necesito informaci\u00f3n o pr\u00f3ximas convocatorias.<\/p>\t\t\t\t\t\t\t\t<\/div>\n\t\t\t\t<\/div>\n\t\t\t\t<div class=\"elementor-element elementor-element-72e0e35 elementor-widget elementor-widget-button\" data-id=\"72e0e35\" data-element_type=\"widget\" data-e-type=\"widget\" data-widget_type=\"button.default\">\n\t\t\t\t<div class=\"elementor-widget-container\">\n\t\t\t\t\t\t\t\t\t<div class=\"elementor-button-wrapper\">\n\t\t\t\t\t<a class=\"elementor-button elementor-button-link elementor-size-sm\" href=\"https:\/\/wa.me\/959190089\">\n\t\t\t\t\t\t<span class=\"elementor-button-content-wrapper\">\n\t\t\t\t\t\t<span class=\"elementor-button-icon\">\n\t\t\t\t<svg aria-hidden=\"true\" class=\"e-font-icon-svg e-fab-whatsapp\" viewBox=\"0 0 448 512\" xmlns=\"http:\/\/www.w3.org\/2000\/svg\"><path d=\"M380.9 97.1C339 55.1 283.2 32 223.9 32c-122.4 0-222 99.6-222 222 0 39.1 10.2 77.3 29.6 111L0 480l117.7-30.9c32.4 17.7 68.9 27 106.1 27h.1c122.3 0 224.1-99.6 224.1-222 0-59.3-25.2-115-67.1-157zm-157 341.6c-33.2 0-65.7-8.9-94-25.7l-6.7-4-69.8 18.3L72 359.2l-4.4-7c-18.5-29.4-28.2-63.3-28.2-98.2 0-101.7 82.8-184.5 184.6-184.5 49.3 0 95.6 19.2 130.4 54.1 34.8 34.9 56.2 81.2 56.1 130.5 0 101.8-84.9 184.6-186.6 184.6zm101.2-138.2c-5.5-2.8-32.8-16.2-37.9-18-5.1-1.9-8.8-2.8-12.5 2.8-3.7 5.6-14.3 18-17.6 21.8-3.2 3.7-6.5 4.2-12 1.4-32.6-16.3-54-29.1-75.5-66-5.7-9.8 5.7-9.1 16.3-30.3 1.8-3.7.9-6.9-.5-9.7-1.4-2.8-12.5-30.1-17.1-41.2-4.5-10.8-9.1-9.3-12.5-9.5-3.2-.2-6.9-.2-10.6-.2-3.7 0-9.7 1.4-14.8 6.9-5.1 5.6-19.4 19-19.4 46.3 0 27.3 19.9 53.7 22.6 57.4 2.8 3.7 39.1 59.7 94.8 83.8 35.2 15.2 49 16.5 66.6 13.9 10.7-1.6 32.8-13.4 37.4-26.4 4.6-13 4.6-24.1 3.2-26.4-1.3-2.5-5-3.9-10.5-6.6z\"><\/path><\/svg>\t\t\t<\/span>\n\t\t\t\t\t\t\t\t\t<span class=\"elementor-button-text\">Consultar pr\u00f3ximas formaciones<\/span>\n\t\t\t\t\t<\/span>\n\t\t\t\t\t<\/a>\n\t\t\t\t<\/div>\n\t\t\t\t\t\t\t\t<\/div>\n\t\t\t\t<\/div>\n\t\t\t\t\t<\/div>\n\t\t\t\t<\/div>\n\t\t<div class=\"elementor-element elementor-element-d21eb17 e-flex e-con-boxed e-con e-parent\" data-id=\"d21eb17\" data-element_type=\"container\" data-e-type=\"container\">\n\t\t\t\t\t<div class=\"e-con-inner\">\n\t\t\t\t<div class=\"elementor-element elementor-element-aad3a80 elementor-widget elementor-widget-text-editor\" data-id=\"aad3a80\" data-element_type=\"widget\" data-e-type=\"widget\" data-widget_type=\"text-editor.default\">\n\t\t\t\t<div class=\"elementor-widget-container\">\n\t\t\t\t\t\t\t\t\t<h1><em data-start=\"1749\" data-end=\"1813\">\u00abOrganizo el curso adaptado a vuestro grupo y disponibilidad.\u201d<\/em><\/h1>\t\t\t\t\t\t\t\t<\/div>\n\t\t\t\t<\/div>\n\t\t\t\t\t<\/div>\n\t\t\t\t<\/div>\n\t\t<div class=\"elementor-element elementor-element-c2c67f9 e-flex e-con-boxed e-con e-parent\" data-id=\"c2c67f9\" data-element_type=\"container\" data-e-type=\"container\">\n\t\t\t\t\t<div class=\"e-con-inner\">\n\t\t\t\t<div class=\"elementor-element elementor-element-2bd77f1 elementor-widget elementor-widget-text-editor\" data-id=\"2bd77f1\" data-element_type=\"widget\" data-e-type=\"widget\" data-widget_type=\"text-editor.default\">\n\t\t\t\t<div class=\"elementor-widget-container\">\n\t\t\t\t\t\t\t\t\t<h4 data-start=\"537\" data-end=\"574\"><span role=\"text\">\ud83c\udfe2 <strong data-start=\"545\" data-end=\"574\">Somos una entidad \/ grupo<\/strong><\/span><\/h4><p data-start=\"575\" data-end=\"625\">Queremos organizar formaci\u00f3n para varias personas.<\/p>\t\t\t\t\t\t\t\t<\/div>\n\t\t\t\t<\/div>\n\t\t\t\t<div class=\"elementor-element elementor-element-4603fcc elementor-widget elementor-widget-button\" data-id=\"4603fcc\" data-element_type=\"widget\" data-e-type=\"widget\" data-widget_type=\"button.default\">\n\t\t\t\t<div class=\"elementor-widget-container\">\n\t\t\t\t\t\t\t\t\t<div class=\"elementor-button-wrapper\">\n\t\t\t\t\t<a class=\"elementor-button elementor-button-link elementor-size-sm\" href=\"https:\/\/forms.gle\/YuYRbTcMjVZBu4JR6\">\n\t\t\t\t\t\t<span class=\"elementor-button-content-wrapper\">\n\t\t\t\t\t\t\t\t\t<span class=\"elementor-button-text\">Solicitar formaci\u00f3n para mi grupo<\/span>\n\t\t\t\t\t<\/span>\n\t\t\t\t\t<\/a>\n\t\t\t\t<\/div>\n\t\t\t\t\t\t\t\t<\/div>\n\t\t\t\t<\/div>\n\t\t\t\t\t<\/div>\n\t\t\t\t<\/div>\n\t\t<div class=\"elementor-element elementor-element-4e26261 e-flex e-con-boxed e-con e-parent\" data-id=\"4e26261\" data-element_type=\"container\" data-e-type=\"container\">\n\t\t\t\t\t<div class=\"e-con-inner\">\n\t\t\t\t\t<\/div>\n\t\t\t\t<\/div>\n\t\t\t\t<\/div>\n\t\t","protected":false},"excerpt":{"rendered":"<p>Imparto cursos homologados por el IFAPA, orientados a profesionales del sector agrario y ganadero. Formaci\u00f3n pr\u00e1ctica, actualizada y v\u00e1lida para cumplir normativa. Cursos obligatorios para cumplir normativa y trabajar legalmente en el sector agrario.\u201d \u00c1reas de formaci\u00f3n \ud83d\udc04 Bienestar animal Bienestar animal en explotaciones de rumiantes Bienestar animal en explotaciones porcinas Bienestar animal en explotaciones av\u00edcolas Bienestar animal en el transporte \ud83c\udf31 Producci\u00f3n ecol\u00f3gica Ganader\u00eda ecol\u00f3gica Conversi\u00f3n a la producci\u00f3n&hellip;<\/p>\n","protected":false},"author":1,"featured_media":0,"parent":0,"menu_order":0,"comment_status":"closed","ping_status":"closed","template":"","meta":{"footnotes":""},"class_list":["post-1640","page","type-page","status-publish","hentry"],"_links":{"self":[{"href":"https:\/\/cristinasierra.com\/index.php?rest_route=\/wp\/v2\/pages\/1640","targetHints":{"allow":["GET"]}}],"collection":[{"href":"https:\/\/cristinasierra.com\/index.php?rest_route=\/wp\/v2\/pages"}],"about":[{"href":"https:\/\/cristinasierra.com\/index.php?rest_route=\/wp\/v2\/types\/page"}],"author":[{"embeddable":true,"href":"https:\/\/cristinasierra.com\/index.php?rest_route=\/wp\/v2\/users\/1"}],"replies":[{"embeddable":true,"href":"https:\/\/cristinasierra.com\/index.php?rest_route=%2Fwp%2Fv2%2Fcomments&post=1640"}],"version-history":[{"count":19,"href":"https:\/\/cristinasierra.com\/index.php?rest_route=\/wp\/v2\/pages\/1640\/revisions"}],"predecessor-version":[{"id":1715,"href":"https:\/\/cristinasierra.com\/index.php?rest_route=\/wp\/v2\/pages\/1640\/revisions\/1715"}],"wp:attachment":[{"href":"https:\/\/cristinasierra.com\/index.php?rest_route=%2Fwp%2Fv2%2Fmedia&parent=1640"}],"curies":[{"name":"wp","href":"https:\/\/api.w.org\/{rel}","templated":true}]}}