{"id":1679,"date":"2026-03-23T10:16:32","date_gmt":"2026-03-23T09:16:32","guid":{"rendered":"https:\/\/cristinasierra.com\/?page_id=1679"},"modified":"2026-03-23T11:12:01","modified_gmt":"2026-03-23T10:12:01","slug":"diagnostico-de-finca","status":"publish","type":"page","link":"https:\/\/cristinasierra.com\/?page_id=1679","title":{"rendered":"Diagn\u00f3stico de finca"},"content":{"rendered":"\t\t<div data-elementor-type=\"wp-page\" data-elementor-id=\"1679\" class=\"elementor elementor-1679\">\n\t\t\t\t<div class=\"elementor-element elementor-element-a043bdd e-flex e-con-boxed e-con e-parent\" data-id=\"a043bdd\" data-element_type=\"container\" data-e-type=\"container\">\n\t\t\t\t\t<div class=\"e-con-inner\">\n\t\t\t\t<div class=\"elementor-element elementor-element-15b174c elementor-widget elementor-widget-text-editor\" data-id=\"15b174c\" data-element_type=\"widget\" data-e-type=\"widget\" data-widget_type=\"text-editor.default\">\n\t\t\t\t<div class=\"elementor-widget-container\">\n\t\t\t\t\t\t\t\t\t<h3 data-start=\"701\" data-end=\"788\">Saber qu\u00e9 hacer antes de empezar puede ahorrarte meses y miles de euros.<\/h3>\t\t\t\t\t\t\t\t<\/div>\n\t\t\t\t<\/div>\n\t\t\t\t\t<\/div>\n\t\t\t\t<\/div>\n\t\t<div class=\"elementor-element elementor-element-a365702 e-flex e-con-boxed e-con e-parent\" data-id=\"a365702\" data-element_type=\"container\" data-e-type=\"container\">\n\t\t\t\t\t<div class=\"e-con-inner\">\n\t\t\t\t<div class=\"elementor-element elementor-element-f0285f4 elementor-widget elementor-widget-button\" data-id=\"f0285f4\" data-element_type=\"widget\" data-e-type=\"widget\" data-widget_type=\"button.default\">\n\t\t\t\t<div class=\"elementor-widget-container\">\n\t\t\t\t\t\t\t\t\t<div class=\"elementor-button-wrapper\">\n\t\t\t\t\t<a class=\"elementor-button elementor-button-link elementor-size-sm\" href=\"https:\/\/calendly.com\/cristinamariasierramorato\/30min\">\n\t\t\t\t\t\t<span class=\"elementor-button-content-wrapper\">\n\t\t\t\t\t\t<span class=\"elementor-button-icon\">\n\t\t\t\t<svg aria-hidden=\"true\" class=\"e-font-icon-svg e-fab-whatsapp\" viewBox=\"0 0 448 512\" xmlns=\"http:\/\/www.w3.org\/2000\/svg\"><path d=\"M380.9 97.1C339 55.1 283.2 32 223.9 32c-122.4 0-222 99.6-222 222 0 39.1 10.2 77.3 29.6 111L0 480l117.7-30.9c32.4 17.7 68.9 27 106.1 27h.1c122.3 0 224.1-99.6 224.1-222 0-59.3-25.2-115-67.1-157zm-157 341.6c-33.2 0-65.7-8.9-94-25.7l-6.7-4-69.8 18.3L72 359.2l-4.4-7c-18.5-29.4-28.2-63.3-28.2-98.2 0-101.7 82.8-184.5 184.6-184.5 49.3 0 95.6 19.2 130.4 54.1 34.8 34.9 56.2 81.2 56.1 130.5 0 101.8-84.9 184.6-186.6 184.6zm101.2-138.2c-5.5-2.8-32.8-16.2-37.9-18-5.1-1.9-8.8-2.8-12.5 2.8-3.7 5.6-14.3 18-17.6 21.8-3.2 3.7-6.5 4.2-12 1.4-32.6-16.3-54-29.1-75.5-66-5.7-9.8 5.7-9.1 16.3-30.3 1.8-3.7.9-6.9-.5-9.7-1.4-2.8-12.5-30.1-17.1-41.2-4.5-10.8-9.1-9.3-12.5-9.5-3.2-.2-6.9-.2-10.6-.2-3.7 0-9.7 1.4-14.8 6.9-5.1 5.6-19.4 19-19.4 46.3 0 27.3 19.9 53.7 22.6 57.4 2.8 3.7 39.1 59.7 94.8 83.8 35.2 15.2 49 16.5 66.6 13.9 10.7-1.6 32.8-13.4 37.4-26.4 4.6-13 4.6-24.1 3.2-26.4-1.3-2.5-5-3.9-10.5-6.6z\"><\/path><\/svg>\t\t\t<\/span>\n\t\t\t\t\t\t\t\t\t<span class=\"elementor-button-text\">Reservar diagn\u00f3stico<\/span>\n\t\t\t\t\t<\/span>\n\t\t\t\t\t<\/a>\n\t\t\t\t<\/div>\n\t\t\t\t\t\t\t\t<\/div>\n\t\t\t\t<\/div>\n\t\t\t\t\t<\/div>\n\t\t\t\t<\/div>\n\t\t<div class=\"elementor-element elementor-element-51590ac e-flex e-con-boxed e-con e-parent\" data-id=\"51590ac\" data-element_type=\"container\" data-e-type=\"container\">\n\t\t\t\t\t<div class=\"e-con-inner\">\n\t\t\t\t<div class=\"elementor-element elementor-element-ecd40b6 elementor-widget elementor-widget-text-editor\" data-id=\"ecd40b6\" data-element_type=\"widget\" data-e-type=\"widget\" data-widget_type=\"text-editor.default\">\n\t\t\t\t<div class=\"elementor-widget-container\">\n\t\t\t\t\t\t\t\t\t<h4>60 \u20ac \u00b7 1 hora \u00b7 Online o tel\u00e9fono<\/h4>\t\t\t\t\t\t\t\t<\/div>\n\t\t\t\t<\/div>\n\t\t\t\t\t<\/div>\n\t\t\t\t<\/div>\n\t\t<div class=\"elementor-element elementor-element-7482f8e e-flex e-con-boxed e-con e-parent\" data-id=\"7482f8e\" data-element_type=\"container\" data-e-type=\"container\">\n\t\t\t\t\t<div class=\"e-con-inner\">\n\t\t\t\t<div class=\"elementor-element elementor-element-8a34902 elementor-widget elementor-widget-text-editor\" data-id=\"8a34902\" data-element_type=\"widget\" data-e-type=\"widget\" data-widget_type=\"text-editor.default\">\n\t\t\t\t<div class=\"elementor-widget-container\">\n\t\t\t\t\t\t\t\t\t<h3 data-start=\"590\" data-end=\"691\">Antes de vender, heredar o hacer cualquier tr\u00e1mite, necesitas tener claro qu\u00e9 tienes y qu\u00e9 pasos dar.<\/h3><h3 data-start=\"693\" data-end=\"757\">Si no, es f\u00e1cil cometer errores que luego no se pueden corregir.<\/h3>\t\t\t\t\t\t\t\t<\/div>\n\t\t\t\t<\/div>\n\t\t\t\t\t<\/div>\n\t\t\t\t<\/div>\n\t\t<div class=\"elementor-element elementor-element-6d0b4aa e-flex e-con-boxed e-con e-parent\" data-id=\"6d0b4aa\" data-element_type=\"container\" data-e-type=\"container\">\n\t\t\t\t\t<div class=\"e-con-inner\">\n\t\t\t\t<div class=\"elementor-element elementor-element-8ff835f elementor-widget elementor-widget-text-editor\" data-id=\"8ff835f\" data-element_type=\"widget\" data-e-type=\"widget\" data-widget_type=\"text-editor.default\">\n\t\t\t\t<div class=\"elementor-widget-container\">\n\t\t\t\t\t\t\t\t\t<h1>\u00bfQu\u00e9 es el diagn\u00f3stico?<\/h1><div><h2 data-start=\"839\" data-end=\"926\">Una sesi\u00f3n individual donde analizo tu caso y te digo exactamente qu\u00e9 hacer.<\/h2><h2 data-start=\"928\" data-end=\"958\">Sin rodeos. Sin perder tiempo.<\/h2><\/div>\t\t\t\t\t\t\t\t<\/div>\n\t\t\t\t<\/div>\n\t\t\t\t\t<\/div>\n\t\t\t\t<\/div>\n\t\t<div class=\"elementor-element elementor-element-82ac209 e-flex e-con-boxed e-con e-parent\" data-id=\"82ac209\" data-element_type=\"container\" data-e-type=\"container\">\n\t\t\t\t\t<div class=\"e-con-inner\">\n\t\t\t\t<div class=\"elementor-element elementor-element-50e4e8b elementor-widget elementor-widget-text-editor\" data-id=\"50e4e8b\" data-element_type=\"widget\" data-e-type=\"widget\" data-widget_type=\"text-editor.default\">\n\t\t\t\t<div class=\"elementor-widget-container\">\n\t\t\t\t\t\t\t\t\t<h2 data-section-id=\"bku3iq\" data-start=\"826\" data-end=\"850\"><span role=\"text\"><strong data-start=\"830\" data-end=\"850\">\u00bfPara qu\u00e9 sirve?<\/strong><\/span><\/h2><ul data-start=\"852\" data-end=\"1034\"><li data-section-id=\"k8m0in\" data-start=\"852\" data-end=\"894\">Saber qu\u00e9 tr\u00e1mites necesitas realmente<\/li><li data-section-id=\"1j0he55\" data-start=\"895\" data-end=\"935\">Detectar errores o problemas ocultos<\/li><li data-section-id=\"1e7hrvf\" data-start=\"936\" data-end=\"990\">Evitar decisiones que luego no tienen marcha atr\u00e1s<\/li><li data-section-id=\"qbs78\" data-start=\"991\" data-end=\"1034\">Ahorrar tiempo y dinero desde el inicio<\/li><\/ul>\t\t\t\t\t\t\t\t<\/div>\n\t\t\t\t<\/div>\n\t\t\t\t\t<\/div>\n\t\t\t\t<\/div>\n\t\t<div class=\"elementor-element elementor-element-385db04 e-flex e-con-boxed e-con e-parent\" data-id=\"385db04\" data-element_type=\"container\" data-e-type=\"container\">\n\t\t\t\t\t<div class=\"e-con-inner\">\n\t\t\t\t<div class=\"elementor-element elementor-element-f91d303 elementor-widget elementor-widget-text-editor\" data-id=\"f91d303\" data-element_type=\"widget\" data-e-type=\"widget\" data-widget_type=\"text-editor.default\">\n\t\t\t\t<div class=\"elementor-widget-container\">\n\t\t\t\t\t\t\t\t\t<h2 data-section-id=\"1itx6h2\" data-start=\"1041\" data-end=\"1070\"><span role=\"text\"><strong data-start=\"1045\" data-end=\"1070\">\u00bfCu\u00e1ndo lo necesitas?<\/strong><\/span><\/h2><ul data-start=\"1072\" data-end=\"1294\"><li data-section-id=\"1biqu4z\" data-start=\"1072\" data-end=\"1101\">Antes de vender una finca<\/li><li data-section-id=\"1p3hjne\" data-start=\"1102\" data-end=\"1136\">Antes de repartir una herencia<\/li><li data-section-id=\"17tx02o\" data-start=\"1137\" data-end=\"1180\">Si tienes dudas con lindes o superficie<\/li><li data-section-id=\"1cx7z90\" data-start=\"1181\" data-end=\"1226\">Si no sabes si tu documentaci\u00f3n est\u00e1 bien<\/li><li data-section-id=\"9un5nz\" data-start=\"1227\" data-end=\"1294\">Si quieres hacer cualquier tr\u00e1mite y no sabes por d\u00f3nde empezar<\/li><\/ul>\t\t\t\t\t\t\t\t<\/div>\n\t\t\t\t<\/div>\n\t\t\t\t\t<\/div>\n\t\t\t\t<\/div>\n\t\t<div class=\"elementor-element elementor-element-a0a59de e-flex e-con-boxed e-con e-parent\" data-id=\"a0a59de\" data-element_type=\"container\" data-e-type=\"container\">\n\t\t\t\t\t<div class=\"e-con-inner\">\n\t\t\t\t<div class=\"elementor-element elementor-element-6fa423a elementor-widget elementor-widget-text-editor\" data-id=\"6fa423a\" data-element_type=\"widget\" data-e-type=\"widget\" data-widget_type=\"text-editor.default\">\n\t\t\t\t<div class=\"elementor-widget-container\">\n\t\t\t\t\t\t\t\t\t<h3 data-start=\"1271\" data-end=\"1286\"><strong data-start=\"1271\" data-end=\"1286\">Analizamos:<\/strong><\/h3><ul data-start=\"1287\" data-end=\"1367\"><li data-section-id=\"jlqy6c\" data-start=\"1287\" data-end=\"1303\">Tu situaci\u00f3n<\/li><li data-section-id=\"1ydxhyo\" data-start=\"1304\" data-end=\"1324\">Tu documentaci\u00f3n<\/li><li data-section-id=\"1secpfw\" data-start=\"1325\" data-end=\"1347\">Posibles problemas<\/li><li data-section-id=\"3jzwiu\" data-start=\"1348\" data-end=\"1367\">Opciones reales<\/li><\/ul><h3 data-start=\"1369\" data-end=\"1452\"><strong data-start=\"1369\" data-end=\"1383\">Te llevas:<\/strong><\/h3><p data-start=\"1479\" data-end=\"1559\">\u2714 Qu\u00e9 hacer exactamente<br data-start=\"1502\" data-end=\"1505\" \/>\u2714 En qu\u00e9 orden<br data-start=\"1519\" data-end=\"1522\" \/>\u2714 Qu\u00e9 evitar<br data-start=\"1534\" data-end=\"1537\" \/>\u2714 Qu\u00e9 es prioritario<\/p><p data-start=\"1561\" data-end=\"1600\">\ud83d\udc49 Sales con un plan claro y sin dudas.<\/p>\t\t\t\t\t\t\t\t<\/div>\n\t\t\t\t<\/div>\n\t\t\t\t\t<\/div>\n\t\t\t\t<\/div>\n\t\t<div class=\"elementor-element elementor-element-671a8d2 e-flex e-con-boxed e-con e-parent\" data-id=\"671a8d2\" data-element_type=\"container\" data-e-type=\"container\">\n\t\t\t\t\t<div class=\"e-con-inner\">\n\t\t\t\t<div class=\"elementor-element elementor-element-cf0080a elementor-widget elementor-widget-text-editor\" data-id=\"cf0080a\" data-element_type=\"widget\" data-e-type=\"widget\" data-widget_type=\"text-editor.default\">\n\t\t\t\t<div class=\"elementor-widget-container\">\n\t\t\t\t\t\t\t\t\t<h3 data-section-id=\"ktqzre\" data-start=\"1706\" data-end=\"1727\"><span role=\"text\"><strong data-start=\"1710\" data-end=\"1727\">\u26a0\ufe0f Importante<\/strong><\/span><\/h3><p data-start=\"1729\" data-end=\"1774\">Este servicio no es un tr\u00e1mite ni un informe.<\/p><p data-start=\"1776\" data-end=\"1854\">Es el paso previo para asegurarte de que haces lo correcto desde el principio.<\/p>\t\t\t\t\t\t\t\t<\/div>\n\t\t\t\t<\/div>\n\t\t\t\t\t<\/div>\n\t\t\t\t<\/div>\n\t\t<div class=\"elementor-element elementor-element-056fe08 e-flex e-con-boxed e-con e-parent\" data-id=\"056fe08\" data-element_type=\"container\" data-e-type=\"container\">\n\t\t\t\t\t<div class=\"e-con-inner\">\n\t\t\t\t<div class=\"elementor-element elementor-element-7f0a8b0 elementor-widget elementor-widget-text-editor\" data-id=\"7f0a8b0\" data-element_type=\"widget\" data-e-type=\"widget\" data-widget_type=\"text-editor.default\">\n\t\t\t\t<div class=\"elementor-widget-container\">\n\t\t\t\t\t\t\t\t\t<h2>Si no tienes claro qu\u00e9 hacer, este es el primer paso.<\/h2>\t\t\t\t\t\t\t\t<\/div>\n\t\t\t\t<\/div>\n\t\t\t\t<div class=\"elementor-element elementor-element-4c18254 elementor-widget elementor-widget-button\" data-id=\"4c18254\" data-element_type=\"widget\" data-e-type=\"widget\" data-widget_type=\"button.default\">\n\t\t\t\t<div class=\"elementor-widget-container\">\n\t\t\t\t\t\t\t\t\t<div class=\"elementor-button-wrapper\">\n\t\t\t\t\t<a class=\"elementor-button elementor-button-link elementor-size-sm\" href=\"https:\/\/calendly.com\/cristinamariasierramorato\/30min\">\n\t\t\t\t\t\t<span class=\"elementor-button-content-wrapper\">\n\t\t\t\t\t\t<span class=\"elementor-button-icon\">\n\t\t\t\t<svg aria-hidden=\"true\" class=\"e-font-icon-svg e-fab-whatsapp\" viewBox=\"0 0 448 512\" xmlns=\"http:\/\/www.w3.org\/2000\/svg\"><path d=\"M380.9 97.1C339 55.1 283.2 32 223.9 32c-122.4 0-222 99.6-222 222 0 39.1 10.2 77.3 29.6 111L0 480l117.7-30.9c32.4 17.7 68.9 27 106.1 27h.1c122.3 0 224.1-99.6 224.1-222 0-59.3-25.2-115-67.1-157zm-157 341.6c-33.2 0-65.7-8.9-94-25.7l-6.7-4-69.8 18.3L72 359.2l-4.4-7c-18.5-29.4-28.2-63.3-28.2-98.2 0-101.7 82.8-184.5 184.6-184.5 49.3 0 95.6 19.2 130.4 54.1 34.8 34.9 56.2 81.2 56.1 130.5 0 101.8-84.9 184.6-186.6 184.6zm101.2-138.2c-5.5-2.8-32.8-16.2-37.9-18-5.1-1.9-8.8-2.8-12.5 2.8-3.7 5.6-14.3 18-17.6 21.8-3.2 3.7-6.5 4.2-12 1.4-32.6-16.3-54-29.1-75.5-66-5.7-9.8 5.7-9.1 16.3-30.3 1.8-3.7.9-6.9-.5-9.7-1.4-2.8-12.5-30.1-17.1-41.2-4.5-10.8-9.1-9.3-12.5-9.5-3.2-.2-6.9-.2-10.6-.2-3.7 0-9.7 1.4-14.8 6.9-5.1 5.6-19.4 19-19.4 46.3 0 27.3 19.9 53.7 22.6 57.4 2.8 3.7 39.1 59.7 94.8 83.8 35.2 15.2 49 16.5 66.6 13.9 10.7-1.6 32.8-13.4 37.4-26.4 4.6-13 4.6-24.1 3.2-26.4-1.3-2.5-5-3.9-10.5-6.6z\"><\/path><\/svg>\t\t\t<\/span>\n\t\t\t\t\t\t\t\t\t<span class=\"elementor-button-text\">Reservar diagn\u00f3stico<\/span>\n\t\t\t\t\t<\/span>\n\t\t\t\t\t<\/a>\n\t\t\t\t<\/div>\n\t\t\t\t\t\t\t\t<\/div>\n\t\t\t\t<\/div>\n\t\t\t\t\t<\/div>\n\t\t\t\t<\/div>\n\t\t\t\t<\/div>\n\t\t","protected":false},"excerpt":{"rendered":"<p>Saber qu\u00e9 hacer antes de empezar puede ahorrarte meses y miles de euros. Reservar diagn\u00f3stico 60 \u20ac \u00b7 1 hora \u00b7 Online o tel\u00e9fono Antes de vender, heredar o hacer cualquier tr\u00e1mite, necesitas tener claro qu\u00e9 tienes y qu\u00e9 pasos dar. Si no, es f\u00e1cil cometer errores que luego no se pueden corregir. \u00bfQu\u00e9 es el diagn\u00f3stico? Una sesi\u00f3n individual donde analizo tu caso y te digo exactamente qu\u00e9 hacer.&hellip;<\/p>\n","protected":false},"author":1,"featured_media":0,"parent":0,"menu_order":0,"comment_status":"closed","ping_status":"closed","template":"","meta":{"footnotes":""},"class_list":["post-1679","page","type-page","status-publish","hentry"],"_links":{"self":[{"href":"https:\/\/cristinasierra.com\/index.php?rest_route=\/wp\/v2\/pages\/1679","targetHints":{"allow":["GET"]}}],"collection":[{"href":"https:\/\/cristinasierra.com\/index.php?rest_route=\/wp\/v2\/pages"}],"about":[{"href":"https:\/\/cristinasierra.com\/index.php?rest_route=\/wp\/v2\/types\/page"}],"author":[{"embeddable":true,"href":"https:\/\/cristinasierra.com\/index.php?rest_route=\/wp\/v2\/users\/1"}],"replies":[{"embeddable":true,"href":"https:\/\/cristinasierra.com\/index.php?rest_route=%2Fwp%2Fv2%2Fcomments&post=1679"}],"version-history":[{"count":13,"href":"https:\/\/cristinasierra.com\/index.php?rest_route=\/wp\/v2\/pages\/1679\/revisions"}],"predecessor-version":[{"id":1699,"href":"https:\/\/cristinasierra.com\/index.php?rest_route=\/wp\/v2\/pages\/1679\/revisions\/1699"}],"wp:attachment":[{"href":"https:\/\/cristinasierra.com\/index.php?rest_route=%2Fwp%2Fv2%2Fmedia&parent=1679"}],"curies":[{"name":"wp","href":"https:\/\/api.w.org\/{rel}","templated":true}]}}