{"id":172,"date":"2025-07-29T11:49:55","date_gmt":"2025-07-29T10:49:55","guid":{"rendered":"https:\/\/cristinasierra.com\/?page_id=172"},"modified":"2025-07-30T05:57:46","modified_gmt":"2025-07-30T04:57:46","slug":"aviso-legal","status":"publish","type":"page","link":"https:\/\/cristinasierra.com\/?page_id=172","title":{"rendered":"Aviso Legal."},"content":{"rendered":"<h3 class=\"wp-block-heading\">LEY DE LOS SERVICIOS DE LA SOCIEDAD DE LA INFORMACI\u00d3N (LSSI).<\/h3><p>Cristina Mar\u00eda Sierra Morato, responsable del sitio web (en adelante, <strong>la RESPONSABLE<\/strong>), pone a disposici\u00f3n de los usuarios el presente documento, con el que pretende dar cumplimiento a las obligaciones dispuestas en la <strong>Ley 34\/2002, de 11 de julio<\/strong>, de Servicios de la Sociedad de la Informaci\u00f3n y de Comercio Electr\u00f3nico (LSSICE), BOE N\u00ba 166, as\u00ed como informar a todos los usuarios del sitio web respecto a cu\u00e1les son las condiciones de uso.<\/p><p>Toda persona que acceda a este sitio web asume el papel de <strong>usuario<\/strong>, comprometi\u00e9ndose a la observancia y cumplimiento riguroso de las disposiciones aqu\u00ed dispuestas, as\u00ed como a cualquier otra disposici\u00f3n legal que fuera de aplicaci\u00f3n.<\/p><p>La RESPONSABLE se reserva el derecho de modificar cualquier tipo de informaci\u00f3n que pudiera aparecer en el sitio web, sin que exista obligaci\u00f3n de preavisar o poner en conocimiento de los usuarios dichas modificaciones, entendi\u00e9ndose como suficiente su publicaci\u00f3n en el sitio web.<\/p><hr class=\"wp-block-separator has-alpha-channel-opacity\"\/><h3 class=\"wp-block-heading\">1. DATOS IDENTIFICATIVOS.<\/h3><ul class=\"wp-block-list\"><li><strong>Nombre de dominio:<\/strong> <a href=\"http:\/\/www.cristinasierra.com\/\">www.cristinasierra.com<\/a><\/li>\n\n<li><strong>Nombre comercial:<\/strong> Cristina Sierra<\/li>\n\n<li><strong>Denominaci\u00f3n social:<\/strong> Cristina Mar\u00eda Sierra Morato<\/li>\n\n<li><strong>NIF:<\/strong> 28933030L<\/li>\n\n<li><strong>Domicilio social:<\/strong> C\/ Callej\u00f3n Real, 8 \u2013 21260 Santa Olalla del Cala (Huelva)<\/li>\n\n<li><strong>Tel\u00e9fonos de contacto:<\/strong> 959 190 089 \/ 678 960 817<\/li>\n\n<li><strong>Correo electr\u00f3nico:<\/strong> cristinamariasierramorato@gmail.com \/ cs@cristinasierra.com<\/li><\/ul><hr class=\"wp-block-separator has-alpha-channel-opacity\"\/><h3 class=\"wp-block-heading\">2. ACEPTACI\u00d3N DE CONDICIONES.<\/h3><p>El acceso a este sitio web implica que el usuario <strong>conoce, entiende y acepta<\/strong> las presentes condiciones de uso, en la versi\u00f3n publicada en el momento del acceso. Las condiciones podr\u00e1n ser modificadas en cualquier momento, por lo que se recomienda su revisi\u00f3n peri\u00f3dica, as\u00ed como la consulta de la <strong>Pol\u00edtica de Privacidad y la Pol\u00edtica de Cookies<\/strong> asociadas.<\/p><hr class=\"wp-block-separator has-alpha-channel-opacity\"\/><h3 class=\"wp-block-heading\">3. OBJETO DEL AVISO LEGAL.<\/h3><p>Estas condiciones regulan el uso del sitio web <a href=\"http:\/\/www.cristinasierra.com\/\">www.cristinasierra.com<\/a>, que Cristina Mar\u00eda Sierra Morato pone a disposici\u00f3n de los usuarios de Internet. La utilizaci\u00f3n del sitio implica la aceptaci\u00f3n plena y sin reservas de estas condiciones generales, que podr\u00e1n ser modificadas sin previo aviso. Igualmente, podr\u00e1n existir condiciones particulares que complementen o modifiquen las presentes, aplicables a ciertos contenidos o servicios.<\/p><hr class=\"wp-block-separator has-alpha-channel-opacity\"\/><h3 class=\"wp-block-heading\">4. EXCLUSI\u00d3N DE RESPONSABILIDAD.<\/h3><p>La RESPONSABLE no garantiza la disponibilidad continua ni permanente del sitio web, ni de sus contenidos o servicios. En caso de interrupciones programadas, se intentar\u00e1 avisar previamente a los usuarios. No se responsabiliza de da\u00f1os o perjuicios que puedan derivarse de la falta de disponibilidad o continuidad del sitio o de los fallos de acceso a sus diferentes secciones.<\/p><hr class=\"wp-block-separator has-alpha-channel-opacity\"\/><h3 class=\"wp-block-heading\">5. USO DE LA WEB.<\/h3><p>Salvo autorizaci\u00f3n previa y expresa de la RESPONSABLE, el usuario se abstendr\u00e1 de obtener o intentar obtener cualquier tipo de contenido (textos, gr\u00e1ficos, im\u00e1genes, archivos de sonido, v\u00eddeo, software, etc.) por medios distintos a los proporcionados en la web o habitualmente utilizados en Internet.<\/p><hr class=\"wp-block-separator has-alpha-channel-opacity\"\/><h3 class=\"wp-block-heading\">6. PROPIEDAD INTELECTUAL E INDUSTRIAL.<\/h3><p>Todos los contenidos del sitio web (textos, im\u00e1genes, logos, nombres comerciales, marcas, bases de datos, etc.) son propiedad de Cristina Sierra o cuentan con autorizaci\u00f3n expresa para su uso.<\/p><p>El acceso no implica en ning\u00fan caso cesi\u00f3n, renuncia o transmisi\u00f3n de derechos. El usuario solo podr\u00e1 visualizar los contenidos y hacer copias para uso personal y privado, siempre conforme a la buena fe y a la normativa vigente.<\/p><hr class=\"wp-block-separator has-alpha-channel-opacity\"\/><h3 class=\"wp-block-heading\">7. LEGISLACI\u00d3N APLICABLE Y JURISDICCI\u00d3N.<\/h3><p>Estas condiciones se rigen por la legislaci\u00f3n espa\u00f1ola vigente. En particular, se someten al <strong>Reglamento (UE) 2016\/679, del Parlamento Europeo y del Consejo, de 27 de abril de 2016 (RGPD)<\/strong>, y a la <strong>Ley Org\u00e1nica 3\/2018, de 5 de diciembre<\/strong>, de Protecci\u00f3n de Datos Personales y garant\u00eda de los derechos digitales.<\/p><p>Para la resoluci\u00f3n de cualquier controversia que pudiera derivarse del acceso o uso del sitio web, ambas partes se someten a los juzgados y tribunales del domicilio de la RESPONSABLE, salvo que la ley disponga lo contrario.<\/p>","protected":false},"excerpt":{"rendered":"<p>LEY DE LOS SERVICIOS DE LA SOCIEDAD DE LA INFORMACI\u00d3N (LSSI). Cristina Mar\u00eda Sierra Morato, responsable del sitio web (en adelante, la RESPONSABLE), pone a disposici\u00f3n de los usuarios el presente documento, con el que pretende dar cumplimiento a las obligaciones dispuestas en la Ley 34\/2002, de 11 de julio, de Servicios de la Sociedad de la Informaci\u00f3n y de Comercio Electr\u00f3nico (LSSICE), BOE N\u00ba 166, as\u00ed como informar a&hellip;<\/p>\n","protected":false},"author":2,"featured_media":0,"parent":0,"menu_order":0,"comment_status":"closed","ping_status":"closed","template":"","meta":{"footnotes":""},"class_list":["post-172","page","type-page","status-publish","hentry"],"_links":{"self":[{"href":"https:\/\/cristinasierra.com\/index.php?rest_route=\/wp\/v2\/pages\/172","targetHints":{"allow":["GET"]}}],"collection":[{"href":"https:\/\/cristinasierra.com\/index.php?rest_route=\/wp\/v2\/pages"}],"about":[{"href":"https:\/\/cristinasierra.com\/index.php?rest_route=\/wp\/v2\/types\/page"}],"author":[{"embeddable":true,"href":"https:\/\/cristinasierra.com\/index.php?rest_route=\/wp\/v2\/users\/2"}],"replies":[{"embeddable":true,"href":"https:\/\/cristinasierra.com\/index.php?rest_route=%2Fwp%2Fv2%2Fcomments&post=172"}],"version-history":[{"count":2,"href":"https:\/\/cristinasierra.com\/index.php?rest_route=\/wp\/v2\/pages\/172\/revisions"}],"predecessor-version":[{"id":203,"href":"https:\/\/cristinasierra.com\/index.php?rest_route=\/wp\/v2\/pages\/172\/revisions\/203"}],"wp:attachment":[{"href":"https:\/\/cristinasierra.com\/index.php?rest_route=%2Fwp%2Fv2%2Fmedia&parent=172"}],"curies":[{"name":"wp","href":"https:\/\/api.w.org\/{rel}","templated":true}]}}