{"id":174,"date":"2025-07-29T11:51:11","date_gmt":"2025-07-29T10:51:11","guid":{"rendered":"https:\/\/cristinasierra.com\/?page_id=174"},"modified":"2025-07-30T06:18:22","modified_gmt":"2025-07-30T05:18:22","slug":"politica-de-cookies","status":"publish","type":"page","link":"https:\/\/cristinasierra.com\/?page_id=174","title":{"rendered":"Pol\u00edtica de cookies."},"content":{"rendered":"<h3 class=\"wp-block-heading\">\u00bfQu\u00e9 es una cookie?<\/h3><p>Una <strong>cookie<\/strong> es un peque\u00f1o archivo de texto que se almacena en su navegador cuando visita pr\u00e1cticamente cualquier p\u00e1gina web. Su utilidad es que el sitio web sea capaz de recordar su visita cuando vuelva a navegar por esa p\u00e1gina. Las cookies suelen almacenar informaci\u00f3n de car\u00e1cter t\u00e9cnico, preferencias personales, personalizaci\u00f3n de contenidos, estad\u00edsticas de uso, enlaces a redes sociales, acceso a cuentas de usuario, etc.<\/p><p>El objetivo de la cookie es adaptar el contenido de la web a su perfil y necesidades. Sin cookies, los servicios ofrecidos por cualquier sitio web se ver\u00edan mermados notablemente.<\/p><hr class=\"wp-block-separator has-alpha-channel-opacity\"\/><h3 class=\"wp-block-heading\">Cookies utilizadas en este sitio web.<\/h3><p>Siguiendo las directrices de la Agencia Espa\u00f1ola de Protecci\u00f3n de Datos, detallamos el uso de cookies que hace esta web con el fin de informarle con la m\u00e1xima exactitud posible.<\/p><h4 class=\"wp-block-heading\">Cookies propias:<\/h4><ul class=\"wp-block-list\"><li><strong>Cookies de sesi\u00f3n:<\/strong> Garantizan que los usuarios que escriban comentarios o rellenen formularios sean humanos y no aplicaciones automatizadas. As\u00ed se combate el <strong>spam<\/strong> y se protege la seguridad del sitio.<\/li><\/ul><h4 class=\"wp-block-heading\">Cookies de terceros:<\/h4><ul class=\"wp-block-list\"><li><strong>Google Analytics:<\/strong> Almacena cookies para elaborar estad\u00edsticas sobre el tr\u00e1fico y volumen de visitas del sitio. Al utilizar este sitio web, est\u00e1 consintiendo el tratamiento de su informaci\u00f3n por Google. Para ejercer cualquier derecho en este sentido deber\u00e1 comunicarse directamente con Google.<\/li>\n\n<li><strong>Redes sociales:<\/strong> Cada red social utiliza sus propias cookies para que usted pueda interactuar con funciones como \u201cMe gusta\u201d o \u201cCompartir\u201d.<\/li><\/ul><hr class=\"wp-block-separator has-alpha-channel-opacity\"\/><h3 class=\"wp-block-heading\">Desactivaci\u00f3n o eliminaci\u00f3n de cookies.<\/h3><p>Usted puede ejercer su derecho a desactivar o eliminar las cookies de este sitio web en cualquier momento. Estas acciones se realizan de forma diferente en funci\u00f3n del navegador que utilice:<\/p><ul class=\"wp-block-list\"><li>Gu\u00eda para eliminar cookies en Chrome<\/li>\n\n<li><a href=\"https:\/\/support.mozilla.org\/es\/kb\/Borrar%20cookies\">Gu\u00eda para eliminar cookies en Firefox<\/a><\/li>\n\n<li><a href=\"https:\/\/support.apple.com\/es-es\/guide\/safari\/sfri11471\/mac\">Gu\u00eda para eliminar cookies en Safari<\/a><\/li>\n\n<li><a href=\"https:\/\/support.microsoft.com\/es-es\/help\/4027947\/microsoft-edge-delete-cookies\">Gu\u00eda para eliminar cookies en Edge<\/a><\/li>\n\n<li>Gu\u00eda para eliminar cookies en Opera<\/li><\/ul><hr class=\"wp-block-separator has-alpha-channel-opacity\"\/><h3 class=\"wp-block-heading\">Notas adicionales.<\/h3><ul class=\"wp-block-list\"><li>Esta web y su responsable legal <strong>no se hacen responsables<\/strong> ni del contenido ni de la veracidad de las pol\u00edticas de privacidad que puedan tener los terceros mencionados en esta Pol\u00edtica de Cookies.<\/li>\n\n<li>Los <strong>navegadores web<\/strong> son las herramientas encargadas de almacenar las cookies y desde ellos debe ejercer su derecho de eliminaci\u00f3n o desactivaci\u00f3n. Ni esta web ni su responsable pueden garantizar la correcta o incorrecta manipulaci\u00f3n de las cookies por parte de los navegadores.<\/li>\n\n<li>En algunos casos es necesario instalar cookies para que el navegador recuerde su decisi\u00f3n de no aceptaci\u00f3n de las mismas.<\/li>\n\n<li>En el caso de las cookies de <strong>Google Analytics<\/strong>, esta empresa almacena las cookies en servidores ubicados en Estados Unidos y se compromete a no compartirlas con terceros, excepto cuando sea necesario para el funcionamiento del sistema o cuando la ley lo exija. Seg\u00fan Google, <strong>no guarda su direcci\u00f3n IP<\/strong>. Google Inc. se encuentra adherido al Acuerdo de Escudo de Privacidad (Privacy Shield), que garantiza que los datos transferidos ser\u00e1n tratados con un nivel de protecci\u00f3n conforme a la normativa europea.<ul class=\"wp-block-list\"><li>Puede consultar m\u00e1s informaci\u00f3n en:<ul class=\"wp-block-list\"><li>Pol\u00edtica de privacidad de Google<\/li>\n\n<li>Uso de cookies por parte de Google<\/li><\/ul><\/li><\/ul><\/li><\/ul><hr class=\"wp-block-separator has-alpha-channel-opacity\"\/><h3 class=\"wp-block-heading\">Contacto.<\/h3><p>Para cualquier duda o consulta acerca de esta Pol\u00edtica de Cookies, no dude en ponerse en contacto con nosotros a trav\u00e9s de la <strong>secci\u00f3n de contacto<\/strong> de este sitio web o mediante los correos:<br><strong>cristinamariasierramorato@gmail.com<\/strong> \/ <strong>cs@cristinasierra.com<\/strong><\/p>","protected":false},"excerpt":{"rendered":"<p>\u00bfQu\u00e9 es una cookie? Una cookie es un peque\u00f1o archivo de texto que se almacena en su navegador cuando visita pr\u00e1cticamente cualquier p\u00e1gina web. Su utilidad es que el sitio web sea capaz de recordar su visita cuando vuelva a navegar por esa p\u00e1gina. Las cookies suelen almacenar informaci\u00f3n de car\u00e1cter t\u00e9cnico, preferencias personales, personalizaci\u00f3n de contenidos, estad\u00edsticas de uso, enlaces a redes sociales, acceso a cuentas de usuario, etc.&hellip;<\/p>\n","protected":false},"author":2,"featured_media":0,"parent":0,"menu_order":0,"comment_status":"closed","ping_status":"closed","template":"","meta":{"footnotes":""},"class_list":["post-174","page","type-page","status-publish","hentry"],"_links":{"self":[{"href":"https:\/\/cristinasierra.com\/index.php?rest_route=\/wp\/v2\/pages\/174","targetHints":{"allow":["GET"]}}],"collection":[{"href":"https:\/\/cristinasierra.com\/index.php?rest_route=\/wp\/v2\/pages"}],"about":[{"href":"https:\/\/cristinasierra.com\/index.php?rest_route=\/wp\/v2\/types\/page"}],"author":[{"embeddable":true,"href":"https:\/\/cristinasierra.com\/index.php?rest_route=\/wp\/v2\/users\/2"}],"replies":[{"embeddable":true,"href":"https:\/\/cristinasierra.com\/index.php?rest_route=%2Fwp%2Fv2%2Fcomments&post=174"}],"version-history":[{"count":2,"href":"https:\/\/cristinasierra.com\/index.php?rest_route=\/wp\/v2\/pages\/174\/revisions"}],"predecessor-version":[{"id":213,"href":"https:\/\/cristinasierra.com\/index.php?rest_route=\/wp\/v2\/pages\/174\/revisions\/213"}],"wp:attachment":[{"href":"https:\/\/cristinasierra.com\/index.php?rest_route=%2Fwp%2Fv2%2Fmedia&parent=174"}],"curies":[{"name":"wp","href":"https:\/\/api.w.org\/{rel}","templated":true}]}}