{"id":622,"date":"2025-08-11T11:16:34","date_gmt":"2025-08-11T10:16:34","guid":{"rendered":"https:\/\/cristinasierra.com\/?page_id=622"},"modified":"2026-03-20T08:04:00","modified_gmt":"2026-03-20T07:04:00","slug":"consultas-y-atencion-personaliza","status":"publish","type":"page","link":"https:\/\/cristinasierra.com\/?page_id=622","title":{"rendered":"Asesoramiento t\u00e9cnico"},"content":{"rendered":"\t\t<div data-elementor-type=\"wp-page\" data-elementor-id=\"622\" class=\"elementor elementor-622\">\n\t\t\t\t<div class=\"elementor-element elementor-element-a0be5ca e-flex e-con-boxed e-con e-parent\" data-id=\"a0be5ca\" data-element_type=\"container\" data-e-type=\"container\">\n\t\t\t\t\t<div class=\"e-con-inner\">\n\t\t<div class=\"elementor-element elementor-element-9dc6fee e-con-full e-flex e-con e-child\" data-id=\"9dc6fee\" data-element_type=\"container\" data-e-type=\"container\">\n\t\t\t\t<div class=\"elementor-element elementor-element-32c0a94 elementor-widget elementor-widget-text-editor\" data-id=\"32c0a94\" data-element_type=\"widget\" data-e-type=\"widget\" data-widget_type=\"text-editor.default\">\n\t\t\t\t<div class=\"elementor-widget-container\">\n\t\t\t\t\t\t\t\t\t<h1 data-start=\"944\" data-end=\"1028\"><strong data-start=\"944\" data-end=\"1026\">Te ayudo a gestionar tu explotaci\u00f3n de forma pr\u00e1ctica, adaptando la parte t\u00e9cnica y administrativa a la realidad de tu finca, sin complicaciones innecesarias.<\/strong><\/h1><h2 data-start=\"1033\" data-end=\"1196\">Trabajo desde la experiencia en campo, aportando soluciones claras en gesti\u00f3n, normativa y toma de decisiones.<\/h2>\t\t\t\t\t\t\t\t<\/div>\n\t\t\t\t<\/div>\n\t\t\t\t<\/div>\n\t\t\t\t\t<\/div>\n\t\t\t\t<\/div>\n\t\t<div class=\"elementor-element elementor-element-9e93c6b e-flex e-con-boxed e-con e-parent\" data-id=\"9e93c6b\" data-element_type=\"container\" data-e-type=\"container\">\n\t\t\t\t\t<div class=\"e-con-inner\">\n\t\t<div class=\"elementor-element elementor-element-04ce504 e-con-full e-flex e-con e-child\" data-id=\"04ce504\" data-element_type=\"container\" data-e-type=\"container\">\n\t\t\t\t<div class=\"elementor-element elementor-element-34e2732 elementor-widget elementor-widget-button\" data-id=\"34e2732\" data-element_type=\"widget\" data-e-type=\"widget\" data-widget_type=\"button.default\">\n\t\t\t\t<div class=\"elementor-widget-container\">\n\t\t\t\t\t\t\t\t\t<div class=\"elementor-button-wrapper\">\n\t\t\t\t\t<a class=\"elementor-button elementor-button-link elementor-size-sm\" href=\"https:\/\/wa.me\/959190089\">\n\t\t\t\t\t\t<span class=\"elementor-button-content-wrapper\">\n\t\t\t\t\t\t<span class=\"elementor-button-icon\">\n\t\t\t\t<svg aria-hidden=\"true\" class=\"e-font-icon-svg e-fab-whatsapp\" viewBox=\"0 0 448 512\" xmlns=\"http:\/\/www.w3.org\/2000\/svg\"><path d=\"M380.9 97.1C339 55.1 283.2 32 223.9 32c-122.4 0-222 99.6-222 222 0 39.1 10.2 77.3 29.6 111L0 480l117.7-30.9c32.4 17.7 68.9 27 106.1 27h.1c122.3 0 224.1-99.6 224.1-222 0-59.3-25.2-115-67.1-157zm-157 341.6c-33.2 0-65.7-8.9-94-25.7l-6.7-4-69.8 18.3L72 359.2l-4.4-7c-18.5-29.4-28.2-63.3-28.2-98.2 0-101.7 82.8-184.5 184.6-184.5 49.3 0 95.6 19.2 130.4 54.1 34.8 34.9 56.2 81.2 56.1 130.5 0 101.8-84.9 184.6-186.6 184.6zm101.2-138.2c-5.5-2.8-32.8-16.2-37.9-18-5.1-1.9-8.8-2.8-12.5 2.8-3.7 5.6-14.3 18-17.6 21.8-3.2 3.7-6.5 4.2-12 1.4-32.6-16.3-54-29.1-75.5-66-5.7-9.8 5.7-9.1 16.3-30.3 1.8-3.7.9-6.9-.5-9.7-1.4-2.8-12.5-30.1-17.1-41.2-4.5-10.8-9.1-9.3-12.5-9.5-3.2-.2-6.9-.2-10.6-.2-3.7 0-9.7 1.4-14.8 6.9-5.1 5.6-19.4 19-19.4 46.3 0 27.3 19.9 53.7 22.6 57.4 2.8 3.7 39.1 59.7 94.8 83.8 35.2 15.2 49 16.5 66.6 13.9 10.7-1.6 32.8-13.4 37.4-26.4 4.6-13 4.6-24.1 3.2-26.4-1.3-2.5-5-3.9-10.5-6.6z\"><\/path><\/svg>\t\t\t<\/span>\n\t\t\t\t\t\t\t\t\t<span class=\"elementor-button-text\">Cu\u00e9ntame tu caso<\/span>\n\t\t\t\t\t<\/span>\n\t\t\t\t\t<\/a>\n\t\t\t\t<\/div>\n\t\t\t\t\t\t\t\t<\/div>\n\t\t\t\t<\/div>\n\t\t\t\t<\/div>\n\t\t\t\t\t<\/div>\n\t\t\t\t<\/div>\n\t\t<div class=\"elementor-element elementor-element-81b7d06 e-flex e-con-boxed e-con e-parent\" data-id=\"81b7d06\" data-element_type=\"container\" data-e-type=\"container\">\n\t\t\t\t\t<div class=\"e-con-inner\">\n\t\t<div class=\"elementor-element elementor-element-50c0b20 e-con-full e-flex e-con e-child\" data-id=\"50c0b20\" data-element_type=\"container\" data-e-type=\"container\">\n\t\t<div class=\"elementor-element elementor-element-06207c0 e-con-full e-flex e-con e-child\" data-id=\"06207c0\" data-element_type=\"container\" data-e-type=\"container\">\n\t\t\t\t<div class=\"elementor-element elementor-element-9f4c701 elementor-widget elementor-widget-text-editor\" data-id=\"9f4c701\" data-element_type=\"widget\" data-e-type=\"widget\" data-widget_type=\"text-editor.default\">\n\t\t\t\t<div class=\"elementor-widget-container\">\n\t\t\t\t\t\t\t\t\t<h1>ASESORAMIENTO T\u00c9CNICO<\/h1><h2>Gesti\u00f3n de fincas, documentaci\u00f3n, proyectos y toma de decisiones, con soluciones claras y aplicables.<\/h2>\t\t\t\t\t\t\t\t<\/div>\n\t\t\t\t<\/div>\n\t\t\t\t<\/div>\n\t\t\t\t<\/div>\n\t\t\t\t\t<\/div>\n\t\t\t\t<\/div>\n\t\t<div class=\"elementor-element elementor-element-ef1790a e-flex e-con-boxed e-con e-parent\" data-id=\"ef1790a\" data-element_type=\"container\" data-e-type=\"container\">\n\t\t\t\t\t<div class=\"e-con-inner\">\n\t\t\t\t<div class=\"elementor-element elementor-element-0b69f06 elementor-widget elementor-widget-text-editor\" data-id=\"0b69f06\" data-element_type=\"widget\" data-e-type=\"widget\" data-widget_type=\"text-editor.default\">\n\t\t\t\t<div class=\"elementor-widget-container\">\n\t\t\t\t\t\t\t\t\t<ul><li data-section-id=\"16p9ok4\" data-start=\"1338\" data-end=\"1389\"><h1 data-start=\"1340\" data-end=\"1389\">\u00bfPara qu\u00e9 es?<\/h1><\/li><li data-section-id=\"16p9ok4\" data-start=\"1338\" data-end=\"1389\"><h2 data-start=\"1340\" data-end=\"1389\">Si tienes una finca y no sabes por d\u00f3nde empezar<\/h2><\/li><li data-section-id=\"16p9ok4\" data-start=\"1338\" data-end=\"1389\"><h2 data-start=\"1340\" data-end=\"1389\"><span style=\"font-size: 22px;\">Si has heredado una explotaci\u00f3n y necesitas orientaci\u00f3n<\/span><\/h2><\/li><li data-section-id=\"ewh2q4\" data-start=\"1454\" data-end=\"1510\"><h2 data-start=\"1456\" data-end=\"1510\">Si tienes ganado y quieres organizar mejor tu manejo<\/h2><\/li><li data-section-id=\"txil8e\" data-start=\"1513\" data-end=\"1564\"><h2 data-start=\"1515\" data-end=\"1564\">Si necesitas ayuda con tr\u00e1mites o documentaci\u00f3n<\/h2><\/li><li data-section-id=\"rlpypx\" data-start=\"1567\" data-end=\"1627\"><h2 data-start=\"1569\" data-end=\"1627\">Si quieres poner en marcha un proyecto con criterio t\u00e9cnico<\/h2><\/li><\/ul>\t\t\t\t\t\t\t\t<\/div>\n\t\t\t\t<\/div>\n\t\t\t\t\t<\/div>\n\t\t\t\t<\/div>\n\t\t<div class=\"elementor-element elementor-element-3e61816 e-flex e-con-boxed e-con e-parent\" data-id=\"3e61816\" data-element_type=\"container\" data-e-type=\"container\">\n\t\t\t\t\t<div class=\"e-con-inner\">\n\t\t<div class=\"elementor-element elementor-element-460dfe7 e-con-full e-flex e-con e-child\" data-id=\"460dfe7\" data-element_type=\"container\" data-e-type=\"container\">\n\t\t\t\t<div class=\"elementor-element elementor-element-c420d53 elementor-widget elementor-widget-text-editor\" data-id=\"c420d53\" data-element_type=\"widget\" data-e-type=\"widget\" data-widget_type=\"text-editor.default\">\n\t\t\t\t<div class=\"elementor-widget-container\">\n\t\t\t\t\t\t\t\t\t<ul><li data-section-id=\"16p9ok4\" data-start=\"1338\" data-end=\"1389\"><h1 data-start=\"1340\" data-end=\"1389\">\u00bfQu\u00e9 puedo hacer por ti?<\/h1><\/li><li data-section-id=\"wyx4ps\" data-start=\"730\" data-end=\"763\"><h2 data-start=\"732\" data-end=\"763\">Proyectos y memorias t\u00e9cnicas<\/h2><\/li><li data-section-id=\"fonsbs\" data-start=\"766\" data-end=\"806\"><h2 data-start=\"768\" data-end=\"806\">Gesti\u00f3n de documentaci\u00f3n y registros<\/h2><\/li><li data-section-id=\"1qmi88r\" data-start=\"809\" data-end=\"845\"><h2 data-start=\"811\" data-end=\"845\">Asesoramiento integral de fincas<\/h2><\/li><li data-section-id=\"6bm3zq\" data-start=\"848\" data-end=\"882\"><h2 data-start=\"850\" data-end=\"882\">Apoyo en la toma de decisiones<\/h2><\/li><li data-section-id=\"1klchyv\" data-start=\"885\" data-end=\"931\"><h2 data-start=\"887\" data-end=\"931\">Acompa\u00f1amiento en procesos administrativos<\/h2><\/li><\/ul>\t\t\t\t\t\t\t\t<\/div>\n\t\t\t\t<\/div>\n\t\t<div class=\"elementor-element elementor-element-a8a42cc e-con-full e-flex e-con e-child\" data-id=\"a8a42cc\" data-element_type=\"container\" data-e-type=\"container\">\n\t\t\t\t<div class=\"elementor-element elementor-element-8380edb elementor-widget elementor-widget-text-editor\" data-id=\"8380edb\" data-element_type=\"widget\" data-e-type=\"widget\" data-widget_type=\"text-editor.default\">\n\t\t\t\t<div class=\"elementor-widget-container\">\n\t\t\t\t\t\t\t\t\t<h2>No trabajo solo desde la oficina: aplico en mi propia finca lo que despu\u00e9s asesoro a otros ganaderos.<\/h2>\t\t\t\t\t\t\t\t<\/div>\n\t\t\t\t<\/div>\n\t\t\t\t<\/div>\n\t\t\t\t<\/div>\n\t\t\t\t\t<\/div>\n\t\t\t\t<\/div>\n\t\t<div class=\"elementor-element elementor-element-da33537 e-flex e-con-boxed e-con e-parent\" data-id=\"da33537\" data-element_type=\"container\" data-e-type=\"container\">\n\t\t\t\t\t<div class=\"e-con-inner\">\n\t\t<div class=\"elementor-element elementor-element-259be59 e-con-full e-flex e-con e-child\" data-id=\"259be59\" data-element_type=\"container\" data-e-type=\"container\">\n\t\t<div class=\"elementor-element elementor-element-47e39b2 e-con-full e-flex e-con e-child\" data-id=\"47e39b2\" data-element_type=\"container\" data-e-type=\"container\">\n\t\t\t\t<div class=\"elementor-element elementor-element-6bdc2e8 elementor-widget elementor-widget-text-editor\" data-id=\"6bdc2e8\" data-element_type=\"widget\" data-e-type=\"widget\" data-widget_type=\"text-editor.default\">\n\t\t\t\t<div class=\"elementor-widget-container\">\n\t\t\t\t\t\t\t\t\t<h2 style=\"text-align: center;\">Cada finca es distinta.<br data-start=\"1684\" data-end=\"1687\" \/>Si tienes dudas o necesitas ayuda, lo vemos juntos.<\/h2>\t\t\t\t\t\t\t\t<\/div>\n\t\t\t\t<\/div>\n\t\t\t\t<\/div>\n\t\t\t\t<\/div>\n\t\t\t\t\t<\/div>\n\t\t\t\t<\/div>\n\t\t<div class=\"elementor-element elementor-element-a1799ba e-flex e-con-boxed e-con e-parent\" data-id=\"a1799ba\" data-element_type=\"container\" data-e-type=\"container\">\n\t\t\t\t\t<div class=\"e-con-inner\">\n\t\t\t\t<div class=\"elementor-element elementor-element-a4b689d elementor-align-center elementor-widget elementor-widget-button\" data-id=\"a4b689d\" data-element_type=\"widget\" data-e-type=\"widget\" data-widget_type=\"button.default\">\n\t\t\t\t<div class=\"elementor-widget-container\">\n\t\t\t\t\t\t\t\t\t<div class=\"elementor-button-wrapper\">\n\t\t\t\t\t<a class=\"elementor-button elementor-button-link elementor-size-sm\" href=\"https:\/\/wa.me\/959190089\">\n\t\t\t\t\t\t<span class=\"elementor-button-content-wrapper\">\n\t\t\t\t\t\t<span class=\"elementor-button-icon\">\n\t\t\t\t<svg aria-hidden=\"true\" class=\"e-font-icon-svg e-fab-whatsapp\" viewBox=\"0 0 448 512\" xmlns=\"http:\/\/www.w3.org\/2000\/svg\"><path d=\"M380.9 97.1C339 55.1 283.2 32 223.9 32c-122.4 0-222 99.6-222 222 0 39.1 10.2 77.3 29.6 111L0 480l117.7-30.9c32.4 17.7 68.9 27 106.1 27h.1c122.3 0 224.1-99.6 224.1-222 0-59.3-25.2-115-67.1-157zm-157 341.6c-33.2 0-65.7-8.9-94-25.7l-6.7-4-69.8 18.3L72 359.2l-4.4-7c-18.5-29.4-28.2-63.3-28.2-98.2 0-101.7 82.8-184.5 184.6-184.5 49.3 0 95.6 19.2 130.4 54.1 34.8 34.9 56.2 81.2 56.1 130.5 0 101.8-84.9 184.6-186.6 184.6zm101.2-138.2c-5.5-2.8-32.8-16.2-37.9-18-5.1-1.9-8.8-2.8-12.5 2.8-3.7 5.6-14.3 18-17.6 21.8-3.2 3.7-6.5 4.2-12 1.4-32.6-16.3-54-29.1-75.5-66-5.7-9.8 5.7-9.1 16.3-30.3 1.8-3.7.9-6.9-.5-9.7-1.4-2.8-12.5-30.1-17.1-41.2-4.5-10.8-9.1-9.3-12.5-9.5-3.2-.2-6.9-.2-10.6-.2-3.7 0-9.7 1.4-14.8 6.9-5.1 5.6-19.4 19-19.4 46.3 0 27.3 19.9 53.7 22.6 57.4 2.8 3.7 39.1 59.7 94.8 83.8 35.2 15.2 49 16.5 66.6 13.9 10.7-1.6 32.8-13.4 37.4-26.4 4.6-13 4.6-24.1 3.2-26.4-1.3-2.5-5-3.9-10.5-6.6z\"><\/path><\/svg>\t\t\t<\/span>\n\t\t\t\t\t\t\t\t\t<span class=\"elementor-button-text\">Hablamos<\/span>\n\t\t\t\t\t<\/span>\n\t\t\t\t\t<\/a>\n\t\t\t\t<\/div>\n\t\t\t\t\t\t\t\t<\/div>\n\t\t\t\t<\/div>\n\t\t\t\t\t<\/div>\n\t\t\t\t<\/div>\n\t\t\t\t<\/div>\n\t\t","protected":false},"excerpt":{"rendered":"<p>Te ayudo a gestionar tu explotaci\u00f3n de forma pr\u00e1ctica, adaptando la parte t\u00e9cnica y administrativa a la realidad de tu finca, sin complicaciones innecesarias. Trabajo desde la experiencia en campo, aportando soluciones claras en gesti\u00f3n, normativa y toma de decisiones. Cu\u00e9ntame tu caso ASESORAMIENTO T\u00c9CNICO Gesti\u00f3n de fincas, documentaci\u00f3n, proyectos y toma de decisiones, con soluciones claras y aplicables. \u00bfPara qu\u00e9 es? Si tienes una finca y no sabes por&hellip;<\/p>\n","protected":false},"author":1,"featured_media":0,"parent":0,"menu_order":0,"comment_status":"closed","ping_status":"closed","template":"","meta":{"footnotes":""},"class_list":["post-622","page","type-page","status-publish","hentry"],"_links":{"self":[{"href":"https:\/\/cristinasierra.com\/index.php?rest_route=\/wp\/v2\/pages\/622","targetHints":{"allow":["GET"]}}],"collection":[{"href":"https:\/\/cristinasierra.com\/index.php?rest_route=\/wp\/v2\/pages"}],"about":[{"href":"https:\/\/cristinasierra.com\/index.php?rest_route=\/wp\/v2\/types\/page"}],"author":[{"embeddable":true,"href":"https:\/\/cristinasierra.com\/index.php?rest_route=\/wp\/v2\/users\/1"}],"replies":[{"embeddable":true,"href":"https:\/\/cristinasierra.com\/index.php?rest_route=%2Fwp%2Fv2%2Fcomments&post=622"}],"version-history":[{"count":45,"href":"https:\/\/cristinasierra.com\/index.php?rest_route=\/wp\/v2\/pages\/622\/revisions"}],"predecessor-version":[{"id":1608,"href":"https:\/\/cristinasierra.com\/index.php?rest_route=\/wp\/v2\/pages\/622\/revisions\/1608"}],"wp:attachment":[{"href":"https:\/\/cristinasierra.com\/index.php?rest_route=%2Fwp%2Fv2%2Fmedia&parent=622"}],"curies":[{"name":"wp","href":"https:\/\/api.w.org\/{rel}","templated":true}]}}