{"id":634,"date":"2025-08-11T12:13:54","date_gmt":"2025-08-11T11:13:54","guid":{"rendered":"https:\/\/cristinasierra.com\/?page_id=634"},"modified":"2026-03-23T12:19:17","modified_gmt":"2026-03-23T11:19:17","slug":"gestion-tecnica-ganadera-y-agricola","status":"publish","type":"page","link":"https:\/\/cristinasierra.com\/?page_id=634","title":{"rendered":"Gesti\u00f3n t\u00e9cnica de fincas ganaderas y agr\u00edcolas"},"content":{"rendered":"\t\t<div data-elementor-type=\"wp-page\" data-elementor-id=\"634\" class=\"elementor elementor-634\">\n\t\t\t\t<div class=\"elementor-element elementor-element-59febd75 e-flex e-con-boxed e-con e-parent\" data-id=\"59febd75\" data-element_type=\"container\" data-e-type=\"container\">\n\t\t\t\t\t<div class=\"e-con-inner\">\n\t\t\t\t<div class=\"elementor-element elementor-element-3d466588 elementor-widget elementor-widget-text-editor\" data-id=\"3d466588\" data-element_type=\"widget\" data-e-type=\"widget\" data-widget_type=\"text-editor.default\">\n\t\t\t\t<div class=\"elementor-widget-container\">\n\t\t\t\t\t\t\t\t\t<div class=\"container\"><div class=\"section\"><h2 data-start=\"485\" data-end=\"610\">Te ayudo a gestionar tu explotaci\u00f3n de forma pr\u00e1ctica, adaptando la parte t\u00e9cnica y administrativa a la realidad del campo.<\/h2><h2 data-start=\"617\" data-end=\"695\">Evita errores, sanciones y p\u00e9rdida de ayudas por problemas de documentaci\u00f3n.<\/h2><h2 class=\"title\"><br data-start=\"560\" data-end=\"563\" \/>Para que t\u00fa te centres en tu trabajo y no en el papeleo.<\/h2><\/div><\/div>\t\t\t\t\t\t\t\t<\/div>\n\t\t\t\t<\/div>\n\t\t\t\t\t<\/div>\n\t\t\t\t<\/div>\n\t\t<div class=\"elementor-element elementor-element-1e78384 e-flex e-con-boxed e-con e-parent\" data-id=\"1e78384\" data-element_type=\"container\" data-e-type=\"container\">\n\t\t\t\t\t<div class=\"e-con-inner\">\n\t\t\t\t<div class=\"elementor-element elementor-element-72b4a26 elementor-widget elementor-widget-text-editor\" data-id=\"72b4a26\" data-element_type=\"widget\" data-e-type=\"widget\" data-widget_type=\"text-editor.default\">\n\t\t\t\t<div class=\"elementor-widget-container\">\n\t\t\t\t\t\t\t\t\t<h1>Cada error en un tr\u00e1mite puede costarte dinero. Mejor hacerlo bien desde el principio.<\/h1>\t\t\t\t\t\t\t\t<\/div>\n\t\t\t\t<\/div>\n\t\t\t\t\t<\/div>\n\t\t\t\t<\/div>\n\t\t<div class=\"elementor-element elementor-element-0de2f9d e-flex e-con-boxed e-con e-parent\" data-id=\"0de2f9d\" data-element_type=\"container\" data-e-type=\"container\">\n\t\t\t\t\t<div class=\"e-con-inner\">\n\t\t\t\t<div class=\"elementor-element elementor-element-0ecdbc7 elementor-widget elementor-widget-text-editor\" data-id=\"0ecdbc7\" data-element_type=\"widget\" data-e-type=\"widget\" data-widget_type=\"text-editor.default\">\n\t\t\t\t<div class=\"elementor-widget-container\">\n\t\t\t\t\t\t\t\t\t<h2>\u00bfEn qu\u00e9 puedo ayudarte?<\/h2><h1 data-section-id=\"jq30lc\" data-start=\"172\" data-end=\"199\">\ud83d\udd27 GESTI\u00d3N DE EXPLOTACI\u00d3N<\/h1><blockquote data-start=\"201\" data-end=\"341\"><h2 data-start=\"203\" data-end=\"341\">Organizaci\u00f3n y control de tu explotaci\u00f3n para que funcione de forma eficiente, cumpliendo la normativa y adapt\u00e1ndose a tu realidad diaria.<\/h2><\/blockquote><h1 data-section-id=\"vhhmae\" data-start=\"684\" data-end=\"717\">\ud83d\udcca SEGUIMIENTO T\u00c9CNICO CONTINUO<\/h1><blockquote data-start=\"719\" data-end=\"844\"><h2 data-start=\"721\" data-end=\"844\">Acompa\u00f1amiento t\u00e9cnico en el d\u00eda a d\u00eda para tomar decisiones con criterio y anticiparte a problemas antes de que aparezcan.<\/h2><\/blockquote><hr data-start=\"343\" data-end=\"346\" \/><h1 data-section-id=\"1by1462\" data-start=\"348\" data-end=\"378\">\ud83d\udcd1 REGISTROS Y DOCUMENTACI\u00d3N<\/h1><blockquote data-start=\"380\" data-end=\"505\"><h2 data-start=\"382\" data-end=\"505\">Mantengo al d\u00eda todos los registros, censos y documentaci\u00f3n obligatoria para evitar errores, sanciones o p\u00e9rdida de ayudas.<\/h2><\/blockquote><hr data-start=\"507\" data-end=\"510\" \/><h1 data-section-id=\"eg0vl3\" data-start=\"512\" data-end=\"552\">\ud83c\udf33 GESTI\u00d3N FORESTAL Y APROVECHAMIENTOS<\/h1><blockquote data-start=\"554\" data-end=\"677\"><h2 data-start=\"556\" data-end=\"677\">Tramito y planifico actividades forestales para que puedas aprovechar tus recursos de forma legal, ordenada y sostenible.<\/h2><\/blockquote><hr data-start=\"679\" data-end=\"682\" \/><blockquote data-start=\"719\" data-end=\"844\"><h2 data-start=\"721\" data-end=\"844\">\u00a0<\/h2><\/blockquote>\t\t\t\t\t\t\t\t<\/div>\n\t\t\t\t<\/div>\n\t\t\t\t\t<\/div>\n\t\t\t\t<\/div>\n\t\t<div class=\"elementor-element elementor-element-66b7d1f e-flex e-con-boxed e-con e-parent\" data-id=\"66b7d1f\" data-element_type=\"container\" data-e-type=\"container\">\n\t\t\t\t\t<div class=\"e-con-inner\">\n\t\t<div class=\"elementor-element elementor-element-50efe1b e-con-full e-flex e-con e-child\" data-id=\"50efe1b\" data-element_type=\"container\" data-e-type=\"container\">\n\t\t\t\t<div class=\"elementor-element elementor-element-c8e50a2 elementor-widget elementor-widget-text-editor\" data-id=\"c8e50a2\" data-element_type=\"widget\" data-e-type=\"widget\" data-widget_type=\"text-editor.default\">\n\t\t\t\t<div class=\"elementor-widget-container\">\n\t\t\t\t\t\t\t\t\t<h2 style=\"text-align: center;\"><img decoding=\"async\" class=\"emoji\" role=\"img\" draggable=\"false\" src=\"https:\/\/s.w.org\/images\/core\/emoji\/17.0.2\/svg\/1f4f2.svg\" alt=\"\ud83d\udcf2\" \/> Cada finca es distinta. Si tienes dudas o necesitas ayuda concreta, cu\u00e9ntame tu caso.<\/h2>\t\t\t\t\t\t\t\t<\/div>\n\t\t\t\t<\/div>\n\t\t\t\t<div class=\"elementor-element elementor-element-225532d elementor-align-center elementor-widget elementor-widget-button\" data-id=\"225532d\" data-element_type=\"widget\" data-e-type=\"widget\" data-widget_type=\"button.default\">\n\t\t\t\t<div class=\"elementor-widget-container\">\n\t\t\t\t\t\t\t\t\t<div class=\"elementor-button-wrapper\">\n\t\t\t\t\t<a class=\"elementor-button elementor-button-link elementor-size-sm\" href=\"https:\/\/wa.me\/959190089\">\n\t\t\t\t\t\t<span class=\"elementor-button-content-wrapper\">\n\t\t\t\t\t\t<span class=\"elementor-button-icon\">\n\t\t\t\t<svg aria-hidden=\"true\" class=\"e-font-icon-svg e-fab-whatsapp\" viewBox=\"0 0 448 512\" xmlns=\"http:\/\/www.w3.org\/2000\/svg\"><path d=\"M380.9 97.1C339 55.1 283.2 32 223.9 32c-122.4 0-222 99.6-222 222 0 39.1 10.2 77.3 29.6 111L0 480l117.7-30.9c32.4 17.7 68.9 27 106.1 27h.1c122.3 0 224.1-99.6 224.1-222 0-59.3-25.2-115-67.1-157zm-157 341.6c-33.2 0-65.7-8.9-94-25.7l-6.7-4-69.8 18.3L72 359.2l-4.4-7c-18.5-29.4-28.2-63.3-28.2-98.2 0-101.7 82.8-184.5 184.6-184.5 49.3 0 95.6 19.2 130.4 54.1 34.8 34.9 56.2 81.2 56.1 130.5 0 101.8-84.9 184.6-186.6 184.6zm101.2-138.2c-5.5-2.8-32.8-16.2-37.9-18-5.1-1.9-8.8-2.8-12.5 2.8-3.7 5.6-14.3 18-17.6 21.8-3.2 3.7-6.5 4.2-12 1.4-32.6-16.3-54-29.1-75.5-66-5.7-9.8 5.7-9.1 16.3-30.3 1.8-3.7.9-6.9-.5-9.7-1.4-2.8-12.5-30.1-17.1-41.2-4.5-10.8-9.1-9.3-12.5-9.5-3.2-.2-6.9-.2-10.6-.2-3.7 0-9.7 1.4-14.8 6.9-5.1 5.6-19.4 19-19.4 46.3 0 27.3 19.9 53.7 22.6 57.4 2.8 3.7 39.1 59.7 94.8 83.8 35.2 15.2 49 16.5 66.6 13.9 10.7-1.6 32.8-13.4 37.4-26.4 4.6-13 4.6-24.1 3.2-26.4-1.3-2.5-5-3.9-10.5-6.6z\"><\/path><\/svg>\t\t\t<\/span>\n\t\t\t\t\t\t\t\t\t<span class=\"elementor-button-text\">Consultar mi caso ahora<\/span>\n\t\t\t\t\t<\/span>\n\t\t\t\t\t<\/a>\n\t\t\t\t<\/div>\n\t\t\t\t\t\t\t\t<\/div>\n\t\t\t\t<\/div>\n\t\t\t\t<\/div>\n\t\t\t\t\t<\/div>\n\t\t\t\t<\/div>\n\t\t<div class=\"elementor-element elementor-element-1fc52e1 e-flex e-con-boxed e-con e-parent\" data-id=\"1fc52e1\" data-element_type=\"container\" data-e-type=\"container\">\n\t\t\t\t\t<div class=\"e-con-inner\">\n\t\t<div class=\"elementor-element elementor-element-4717aa2 e-con-full e-flex e-con e-child\" data-id=\"4717aa2\" data-element_type=\"container\" data-e-type=\"container\">\n\t\t\t\t<div class=\"elementor-element elementor-element-452b265 elementor-widget elementor-widget-text-editor\" data-id=\"452b265\" data-element_type=\"widget\" data-e-type=\"widget\" data-widget_type=\"text-editor.default\">\n\t\t\t\t<div class=\"elementor-widget-container\">\n\t\t\t\t\t\t\t\t\t<h2 style=\"text-align: center;\" data-start=\"839\" data-end=\"926\">\u201cSi no sabes qu\u00e9 hacer con tu finca, empieza por aqu\u00ed\u201d<\/h2>\t\t\t\t\t\t\t\t<\/div>\n\t\t\t\t<\/div>\n\t\t\t\t<div class=\"elementor-element elementor-element-f89d67f elementor-align-center elementor-widget elementor-widget-button\" data-id=\"f89d67f\" data-element_type=\"widget\" data-e-type=\"widget\" data-widget_type=\"button.default\">\n\t\t\t\t<div class=\"elementor-widget-container\">\n\t\t\t\t\t\t\t\t\t<div class=\"elementor-button-wrapper\">\n\t\t\t\t\t<a class=\"elementor-button elementor-button-link elementor-size-sm\" href=\"https:\/\/cristinasierra.com\/?page_id=1679\">\n\t\t\t\t\t\t<span class=\"elementor-button-content-wrapper\">\n\t\t\t\t\t\t\t\t\t<span class=\"elementor-button-text\">Diagn\u00f3stico de finca<\/span>\n\t\t\t\t\t<\/span>\n\t\t\t\t\t<\/a>\n\t\t\t\t<\/div>\n\t\t\t\t\t\t\t\t<\/div>\n\t\t\t\t<\/div>\n\t\t\t\t<\/div>\n\t\t\t\t\t<\/div>\n\t\t\t\t<\/div>\n\t\t<div class=\"elementor-element elementor-element-9487cdf e-flex e-con-boxed e-con e-parent\" data-id=\"9487cdf\" data-element_type=\"container\" data-e-type=\"container\">\n\t\t\t\t\t<div class=\"e-con-inner\">\n\t\t<div class=\"elementor-element elementor-element-23b27aa e-con-full e-flex e-con e-child\" data-id=\"23b27aa\" data-element_type=\"container\" data-e-type=\"container\">\n\t\t\t\t<div class=\"elementor-element elementor-element-b2def16 elementor-widget elementor-widget-text-editor\" data-id=\"b2def16\" data-element_type=\"widget\" data-e-type=\"widget\" data-widget_type=\"text-editor.default\">\n\t\t\t\t<div class=\"elementor-widget-container\">\n\t\t\t\t\t\t\t\t\t<h2 style=\"text-align: center;\"><img decoding=\"async\" class=\"emoji\" role=\"img\" draggable=\"false\" src=\"https:\/\/s.w.org\/images\/core\/emoji\/17.0.2\/svg\/1f4cd.svg\" alt=\"\ud83d\udccd\" \/> Santa Olalla del Cala (Huelva)<br data-start=\"1842\" data-end=\"1845\" \/><img decoding=\"async\" class=\"emoji\" role=\"img\" draggable=\"false\" src=\"https:\/\/s.w.org\/images\/core\/emoji\/17.0.2\/svg\/1f4de.svg\" alt=\"\ud83d\udcde\" \/> 959 190 089 (tambi\u00e9n WhatsApp)<\/h2>\t\t\t\t\t\t\t\t<\/div>\n\t\t\t\t<\/div>\n\t\t\t\t<\/div>\n\t\t\t\t\t<\/div>\n\t\t\t\t<\/div>\n\t\t\t\t<\/div>\n\t\t","protected":false},"excerpt":{"rendered":"<p>Te ayudo a gestionar tu explotaci\u00f3n de forma pr\u00e1ctica, adaptando la parte t\u00e9cnica y administrativa a la realidad del campo. Evita errores, sanciones y p\u00e9rdida de ayudas por problemas de documentaci\u00f3n. Para que t\u00fa te centres en tu trabajo y no en el papeleo. Cada error en un tr\u00e1mite puede costarte dinero. Mejor hacerlo bien desde el principio. \u00bfEn qu\u00e9 puedo ayudarte? \ud83d\udd27 GESTI\u00d3N DE EXPLOTACI\u00d3N Organizaci\u00f3n y control de&hellip;<\/p>\n","protected":false},"author":1,"featured_media":0,"parent":0,"menu_order":0,"comment_status":"closed","ping_status":"closed","template":"","meta":{"footnotes":""},"class_list":["post-634","page","type-page","status-publish","hentry"],"_links":{"self":[{"href":"https:\/\/cristinasierra.com\/index.php?rest_route=\/wp\/v2\/pages\/634","targetHints":{"allow":["GET"]}}],"collection":[{"href":"https:\/\/cristinasierra.com\/index.php?rest_route=\/wp\/v2\/pages"}],"about":[{"href":"https:\/\/cristinasierra.com\/index.php?rest_route=\/wp\/v2\/types\/page"}],"author":[{"embeddable":true,"href":"https:\/\/cristinasierra.com\/index.php?rest_route=\/wp\/v2\/users\/1"}],"replies":[{"embeddable":true,"href":"https:\/\/cristinasierra.com\/index.php?rest_route=%2Fwp%2Fv2%2Fcomments&post=634"}],"version-history":[{"count":23,"href":"https:\/\/cristinasierra.com\/index.php?rest_route=\/wp\/v2\/pages\/634\/revisions"}],"predecessor-version":[{"id":1722,"href":"https:\/\/cristinasierra.com\/index.php?rest_route=\/wp\/v2\/pages\/634\/revisions\/1722"}],"wp:attachment":[{"href":"https:\/\/cristinasierra.com\/index.php?rest_route=%2Fwp%2Fv2%2Fmedia&parent=634"}],"curies":[{"name":"wp","href":"https:\/\/api.w.org\/{rel}","templated":true}]}}