{"id":864,"date":"2025-11-23T21:22:13","date_gmt":"2025-11-23T20:22:13","guid":{"rendered":"https:\/\/cristinasierra.com\/?page_id=864"},"modified":"2026-03-20T14:32:59","modified_gmt":"2026-03-20T13:32:59","slug":"formacion","status":"publish","type":"page","link":"https:\/\/cristinasierra.com\/?page_id=864","title":{"rendered":"Formaci\u00f3n"},"content":{"rendered":"\t\t<div data-elementor-type=\"wp-page\" data-elementor-id=\"864\" class=\"elementor elementor-864\">\n\t\t\t\t<div class=\"elementor-element elementor-element-2969ed3e e-flex e-con-boxed e-con e-parent\" data-id=\"2969ed3e\" data-element_type=\"container\" data-e-type=\"container\">\n\t\t\t\t\t<div class=\"e-con-inner\">\n\t\t\t\t<div class=\"elementor-element elementor-element-2e1a860d elementor-widget elementor-widget-text-editor\" data-id=\"2e1a860d\" data-element_type=\"widget\" data-e-type=\"widget\" data-widget_type=\"text-editor.default\">\n\t\t\t\t<div class=\"elementor-widget-container\">\n\t\t\t\t\t\t\t\t\t<h1>Formaci\u00f3n agraria pr\u00e1ctica y aplicada al campo<\/h1><div><div><h2 data-start=\"359\" data-end=\"474\">Formaci\u00f3n orientada a la realidad del campo, pensada para que lo que aprendas te sirva de verdad en tu d\u00eda a d\u00eda.<\/h2><h2 data-start=\"481\" data-end=\"582\">Imparto cursos y formaciones t\u00e9cnicas adaptadas a ganaderos, agricultores y profesionales del sector.<\/h2><\/div><\/div><p><!-- \/wp:html --><\/p>\t\t\t\t\t\t\t\t<\/div>\n\t\t\t\t<\/div>\n\t\t\t\t\t<\/div>\n\t\t\t\t<\/div>\n\t\t<div class=\"elementor-element elementor-element-5c6f5d1 e-flex e-con-boxed e-con e-parent\" data-id=\"5c6f5d1\" data-element_type=\"container\" data-e-type=\"container\">\n\t\t\t\t\t<div class=\"e-con-inner\">\n\t\t\t\t<div class=\"elementor-element elementor-element-73ac103 elementor-widget elementor-widget-text-editor\" data-id=\"73ac103\" data-element_type=\"widget\" data-e-type=\"widget\" data-widget_type=\"text-editor.default\">\n\t\t\t\t<div class=\"elementor-widget-container\">\n\t\t\t\t\t\t\t\t\t<h1>\u00bfQU\u00c9 FORMACI\u00d3N IMPARTO?<\/h1><h2 data-section-id=\"12z6fnd\" data-start=\"730\" data-end=\"754\">\ud83c\udf93 CURSOS HOMOLOGADOS<\/h2><blockquote data-start=\"756\" data-end=\"824\"><h2 data-start=\"758\" data-end=\"824\">Formaci\u00f3n oficial para cumplir normativa y trabajar con garant\u00edas.<\/h2><\/blockquote><ul data-start=\"826\" data-end=\"903\"><li data-section-id=\"1biywxr\" data-start=\"826\" data-end=\"846\"><h2 data-start=\"828\" data-end=\"846\">Bienestar animal<\/h2><\/li><li data-section-id=\"1mvp36j\" data-start=\"847\" data-end=\"865\"><h2 data-start=\"849\" data-end=\"865\">Fitosanitarios<\/h2><\/li><li data-section-id=\"1429pfj\" data-start=\"866\" data-end=\"903\"><h2 data-start=\"868\" data-end=\"903\">Biocidas para higiene veterinaria<\/h2><\/li><\/ul><hr data-start=\"905\" data-end=\"908\" \/><h2 data-section-id=\"xrwu96\" data-start=\"910\" data-end=\"934\">\ud83e\udde0 CHARLAS Y JORNADAS<\/h2><blockquote data-start=\"936\" data-end=\"1018\"><h2 data-start=\"938\" data-end=\"1018\">Formaci\u00f3n pr\u00e1ctica para entender mejor el campo y tomar decisiones con criterio.<\/h2><\/blockquote><ul data-start=\"1020\" data-end=\"1125\"><li data-section-id=\"ygctb2\" data-start=\"1020\" data-end=\"1048\"><h2 data-start=\"1022\" data-end=\"1048\">Gesti\u00f3n de explotaciones<\/h2><\/li><li data-section-id=\"a1g4bp\" data-start=\"1049\" data-end=\"1070\"><h2 data-start=\"1051\" data-end=\"1070\">Manejo del ganado<\/h2><\/li><li data-section-id=\"1j406at\" data-start=\"1071\" data-end=\"1095\"><h2 data-start=\"1073\" data-end=\"1095\">Normativa y tr\u00e1mites<\/h2><\/li><li data-section-id=\"156696i\" data-start=\"1096\" data-end=\"1125\"><h2 data-start=\"1098\" data-end=\"1125\">Experiencia real en campo<\/h2><\/li><\/ul><hr data-start=\"1127\" data-end=\"1130\" \/><h2 data-section-id=\"1rg4h75\" data-start=\"1132\" data-end=\"1168\">\ud83d\udc04 FORMACI\u00d3N DESDE LA EXPERIENCIA<\/h2><blockquote data-start=\"1170\" data-end=\"1245\"><h2 data-start=\"1172\" data-end=\"1245\">Comparto lo que aplico en mi propia finca, no solo lo que dice un manual.<\/h2><\/blockquote>\t\t\t\t\t\t\t\t<\/div>\n\t\t\t\t<\/div>\n\t\t\t\t\t<\/div>\n\t\t\t\t<\/div>\n\t\t<div class=\"elementor-element elementor-element-bddbda4 e-flex e-con-boxed e-con e-parent\" data-id=\"bddbda4\" data-element_type=\"container\" data-e-type=\"container\">\n\t\t\t\t\t<div class=\"e-con-inner\">\n\t\t\t\t<div class=\"elementor-element elementor-element-806e5da elementor-widget elementor-widget-text-editor\" data-id=\"806e5da\" data-element_type=\"widget\" data-e-type=\"widget\" data-widget_type=\"text-editor.default\">\n\t\t\t\t<div class=\"elementor-widget-container\">\n\t\t\t\t\t\t\t\t\t<h1>Formaci\u00f3n clara, directa y sin complicaciones innecesarias.<\/h1>\t\t\t\t\t\t\t\t<\/div>\n\t\t\t\t<\/div>\n\t\t\t\t\t<\/div>\n\t\t\t\t<\/div>\n\t\t<div class=\"elementor-element elementor-element-979e109 e-flex e-con-boxed e-con e-parent\" data-id=\"979e109\" data-element_type=\"container\" data-e-type=\"container\">\n\t\t\t\t\t<div class=\"e-con-inner\">\n\t\t\t\t<div class=\"elementor-element elementor-element-8400384 elementor-widget elementor-widget-text-editor\" data-id=\"8400384\" data-element_type=\"widget\" data-e-type=\"widget\" data-widget_type=\"text-editor.default\">\n\t\t\t\t<div class=\"elementor-widget-container\">\n\t\t\t\t\t\t\t\t\t<h1 data-section-id=\"1ne7utv\" data-start=\"1426\" data-end=\"1459\">TARIFAS<\/h1><blockquote data-start=\"1461\" data-end=\"1581\"><h2 data-start=\"1463\" data-end=\"1581\">Cada formaci\u00f3n se adapta al tipo de grupo, contenido y duraci\u00f3n.<br data-start=\"1527\" data-end=\"1530\" \/>Trabajo con presupuesto previo seg\u00fan necesidades.<\/h2><\/blockquote>\t\t\t\t\t\t\t\t<\/div>\n\t\t\t\t<\/div>\n\t\t\t\t\t<\/div>\n\t\t\t\t<\/div>\n\t\t<div class=\"elementor-element elementor-element-b040cdd e-flex e-con-boxed e-con e-parent\" data-id=\"b040cdd\" data-element_type=\"container\" data-e-type=\"container\">\n\t\t\t\t\t<div class=\"e-con-inner\">\n\t\t\t\t<div class=\"elementor-element elementor-element-5b46e2b elementor-widget elementor-widget-text-editor\" data-id=\"5b46e2b\" data-element_type=\"widget\" data-e-type=\"widget\" data-widget_type=\"text-editor.default\">\n\t\t\t\t<div class=\"elementor-widget-container\">\n\t\t\t\t\t\t\t\t\t<h1>Si te interesa una formaci\u00f3n o quieres organizar una charla, escr\u00edbeme y lo vemos.<\/h1>\t\t\t\t\t\t\t\t<\/div>\n\t\t\t\t<\/div>\n\t\t\t\t\t<\/div>\n\t\t\t\t<\/div>\n\t\t<div class=\"elementor-element elementor-element-4e26261 e-flex e-con-boxed e-con e-parent\" data-id=\"4e26261\" data-element_type=\"container\" data-e-type=\"container\">\n\t\t\t\t\t<div class=\"e-con-inner\">\n\t\t\t\t<div class=\"elementor-element elementor-element-72e0e35 elementor-widget elementor-widget-button\" data-id=\"72e0e35\" data-element_type=\"widget\" data-e-type=\"widget\" data-widget_type=\"button.default\">\n\t\t\t\t<div class=\"elementor-widget-container\">\n\t\t\t\t\t\t\t\t\t<div class=\"elementor-button-wrapper\">\n\t\t\t\t\t<a class=\"elementor-button elementor-button-link elementor-size-sm\" href=\"https:\/\/wa.me\/959190089\">\n\t\t\t\t\t\t<span class=\"elementor-button-content-wrapper\">\n\t\t\t\t\t\t<span class=\"elementor-button-icon\">\n\t\t\t\t<svg aria-hidden=\"true\" class=\"e-font-icon-svg e-fab-whatsapp\" viewBox=\"0 0 448 512\" xmlns=\"http:\/\/www.w3.org\/2000\/svg\"><path d=\"M380.9 97.1C339 55.1 283.2 32 223.9 32c-122.4 0-222 99.6-222 222 0 39.1 10.2 77.3 29.6 111L0 480l117.7-30.9c32.4 17.7 68.9 27 106.1 27h.1c122.3 0 224.1-99.6 224.1-222 0-59.3-25.2-115-67.1-157zm-157 341.6c-33.2 0-65.7-8.9-94-25.7l-6.7-4-69.8 18.3L72 359.2l-4.4-7c-18.5-29.4-28.2-63.3-28.2-98.2 0-101.7 82.8-184.5 184.6-184.5 49.3 0 95.6 19.2 130.4 54.1 34.8 34.9 56.2 81.2 56.1 130.5 0 101.8-84.9 184.6-186.6 184.6zm101.2-138.2c-5.5-2.8-32.8-16.2-37.9-18-5.1-1.9-8.8-2.8-12.5 2.8-3.7 5.6-14.3 18-17.6 21.8-3.2 3.7-6.5 4.2-12 1.4-32.6-16.3-54-29.1-75.5-66-5.7-9.8 5.7-9.1 16.3-30.3 1.8-3.7.9-6.9-.5-9.7-1.4-2.8-12.5-30.1-17.1-41.2-4.5-10.8-9.1-9.3-12.5-9.5-3.2-.2-6.9-.2-10.6-.2-3.7 0-9.7 1.4-14.8 6.9-5.1 5.6-19.4 19-19.4 46.3 0 27.3 19.9 53.7 22.6 57.4 2.8 3.7 39.1 59.7 94.8 83.8 35.2 15.2 49 16.5 66.6 13.9 10.7-1.6 32.8-13.4 37.4-26.4 4.6-13 4.6-24.1 3.2-26.4-1.3-2.5-5-3.9-10.5-6.6z\"><\/path><\/svg>\t\t\t<\/span>\n\t\t\t\t\t\t\t\t\t<span class=\"elementor-button-text\">Consultar formaci\u00f3n disponible<\/span>\n\t\t\t\t\t<\/span>\n\t\t\t\t\t<\/a>\n\t\t\t\t<\/div>\n\t\t\t\t\t\t\t\t<\/div>\n\t\t\t\t<\/div>\n\t\t\t\t\t<\/div>\n\t\t\t\t<\/div>\n\t\t\t\t<\/div>\n\t\t","protected":false},"excerpt":{"rendered":"<p>Formaci\u00f3n agraria pr\u00e1ctica y aplicada al campo Formaci\u00f3n orientada a la realidad del campo, pensada para que lo que aprendas te sirva de verdad en tu d\u00eda a d\u00eda. Imparto cursos y formaciones t\u00e9cnicas adaptadas a ganaderos, agricultores y profesionales del sector. \u00bfQU\u00c9 FORMACI\u00d3N IMPARTO? \ud83c\udf93 CURSOS HOMOLOGADOS Formaci\u00f3n oficial para cumplir normativa y trabajar con garant\u00edas. Bienestar animal Fitosanitarios Biocidas para higiene veterinaria \ud83e\udde0 CHARLAS Y JORNADAS Formaci\u00f3n pr\u00e1ctica&hellip;<\/p>\n","protected":false},"author":1,"featured_media":0,"parent":0,"menu_order":0,"comment_status":"closed","ping_status":"closed","template":"","meta":{"footnotes":""},"class_list":["post-864","page","type-page","status-publish","hentry"],"_links":{"self":[{"href":"https:\/\/cristinasierra.com\/index.php?rest_route=\/wp\/v2\/pages\/864","targetHints":{"allow":["GET"]}}],"collection":[{"href":"https:\/\/cristinasierra.com\/index.php?rest_route=\/wp\/v2\/pages"}],"about":[{"href":"https:\/\/cristinasierra.com\/index.php?rest_route=\/wp\/v2\/types\/page"}],"author":[{"embeddable":true,"href":"https:\/\/cristinasierra.com\/index.php?rest_route=\/wp\/v2\/users\/1"}],"replies":[{"embeddable":true,"href":"https:\/\/cristinasierra.com\/index.php?rest_route=%2Fwp%2Fv2%2Fcomments&post=864"}],"version-history":[{"count":19,"href":"https:\/\/cristinasierra.com\/index.php?rest_route=\/wp\/v2\/pages\/864\/revisions"}],"predecessor-version":[{"id":1639,"href":"https:\/\/cristinasierra.com\/index.php?rest_route=\/wp\/v2\/pages\/864\/revisions\/1639"}],"wp:attachment":[{"href":"https:\/\/cristinasierra.com\/index.php?rest_route=%2Fwp%2Fv2%2Fmedia&parent=864"}],"curies":[{"name":"wp","href":"https:\/\/api.w.org\/{rel}","templated":true}]}}