{"id":1129,"date":"2025-11-26T14:03:22","date_gmt":"2025-11-26T13:03:22","guid":{"rendered":"https:\/\/cristinasierra.com\/?post_type=product&#038;p=1129"},"modified":"2025-12-13T08:28:34","modified_gmt":"2025-12-13T07:28:34","slug":"jamon-los-quejigales","status":"publish","type":"product","link":"https:\/\/cristinasierra.com\/?product=jamon-los-quejigales","title":{"rendered":"Jam\u00f3n \u00abLos Quejigales\u00bb"},"content":{"rendered":"<h3>Jamones de la Finca \u00abLos Quejigales\u00bb.<\/h3>\n<p><strong>En El Real de la Jara (Sevilla) se encuentran las dehesas \u00abLos Quejigales\u00bb y \u00abLas Hermanas\u00bb donde criamos desde su nacimiento guarros para montanera. Estos jamones provienen de animales que a la fecha de su sacrificio han pasado m\u00e1s de 2 a\u00f1os campeando entre encinas y alcornoques. Para su curaci\u00f3n han necesitado otros 2 a\u00f1os m\u00e1s. Por lo que entre tus manos tienes, lleva mucho tiempo invertido. Espero que lo valores tanto como se merece el trabajo que hay detr\u00e1s. Si quieres saber m\u00e1s, \u00a1\u00a1\u00a1preg\u00fantame!!!<\/strong><\/p>\n<p>&nbsp;<\/p>\n<div>\n<div>\n<p>Ingredientes: Jam\u00f3n de cerdo, sal marina, az\u00facar, conservadores E-252 y E250, corrector de la acidez Z-331m, antioxidante E301.<\/p>\n<\/div>\n<div>\n<p>Valor Nutricional (Por cada 100gr de producto): Valor energ\u00e9tico: 1261 KJ \/ 303Kcal, Grasa: 19,2 gr, Ac. Grasos saturados: 7,8 gr, Hidratos de Carbono: 0,1 gr, Az\u00facares: 0,1 gr. Prote\u00ednas: 32,3 gr, Sal: 5 gr.<\/p>\n<\/div>\n<\/div>\n<p>&nbsp;<\/p>\n<hr \/>\n<h3 class=\"western\">\u00bfQu\u00e9 ofrecemos?<\/h3>\n<ul>\n<li><strong>Jamones curados<\/strong> (peso aproximado: 5-6.5 kg).<\/li>\n<\/ul>\n<p>Disponibles en:<br \/>\n\ud83d\udd39 <strong>Pieza entera.<\/strong><br \/>\n\ud83d\udd39 <strong>Deshuesado y envasado al vac\u00edo<\/strong> (bajo encargo).<br \/>\n\ud83d\udd39 <strong>Loncheado a mano<\/strong> (bajo encargo).<\/p>\n<hr \/>\n<h3 class=\"western\">\u00bfC\u00f3mo se entrega?<\/h3>\n<ul>\n<li>Entrega en mano o por env\u00edo (seg\u00fan zona).<\/li>\n<li>Embalaje adecuado para conservar sus cualidades.<\/li>\n<li>Unidades limitadas: se venden hasta agotar existencias.<\/li>\n<li>Posibilidad de <strong>reserva anticipada.<\/strong><\/li>\n<\/ul>\n<hr \/>\n<p>&nbsp;<\/p>\n<p>&nbsp;<\/p>\n","protected":false},"excerpt":{"rendered":"<p>Jamones \u00abLos Quejigales\u00bb<\/p>\n","protected":false},"featured_media":1118,"comment_status":"open","ping_status":"closed","template":"","meta":[],"product_brand":[24],"product_cat":[43],"product_tag":[23],"class_list":{"0":"post-1129","1":"product","2":"type-product","3":"status-publish","4":"has-post-thumbnail","6":"product_brand-cristina-sierra","7":"product_cat-jamones-y-paletas","8":"product_tag-jamones","10":"first","11":"instock","12":"featured","13":"taxable","14":"shipping-taxable","15":"purchasable","16":"product-type-variable","17":"has-default-attributes"},"_links":{"self":[{"href":"https:\/\/cristinasierra.com\/index.php?rest_route=\/wp\/v2\/product\/1129","targetHints":{"allow":["GET"]}}],"collection":[{"href":"https:\/\/cristinasierra.com\/index.php?rest_route=\/wp\/v2\/product"}],"about":[{"href":"https:\/\/cristinasierra.com\/index.php?rest_route=\/wp\/v2\/types\/product"}],"replies":[{"embeddable":true,"href":"https:\/\/cristinasierra.com\/index.php?rest_route=%2Fwp%2Fv2%2Fcomments&post=1129"}],"wp:featuredmedia":[{"embeddable":true,"href":"https:\/\/cristinasierra.com\/index.php?rest_route=\/wp\/v2\/media\/1118"}],"wp:attachment":[{"href":"https:\/\/cristinasierra.com\/index.php?rest_route=%2Fwp%2Fv2%2Fmedia&parent=1129"}],"wp:term":[{"taxonomy":"product_brand","embeddable":true,"href":"https:\/\/cristinasierra.com\/index.php?rest_route=%2Fwp%2Fv2%2Fproduct_brand&post=1129"},{"taxonomy":"product_cat","embeddable":true,"href":"https:\/\/cristinasierra.com\/index.php?rest_route=%2Fwp%2Fv2%2Fproduct_cat&post=1129"},{"taxonomy":"product_tag","embeddable":true,"href":"https:\/\/cristinasierra.com\/index.php?rest_route=%2Fwp%2Fv2%2Fproduct_tag&post=1129"}],"curies":[{"name":"wp","href":"https:\/\/api.w.org\/{rel}","templated":true}]}}