{"id":419,"date":"2025-08-03T13:10:56","date_gmt":"2025-08-03T12:10:56","guid":{"rendered":"https:\/\/cristinasierra.com\/?post_type=product&#038;p=419"},"modified":"2025-08-12T13:27:30","modified_gmt":"2025-08-12T12:27:30","slug":"corazon-de-corcho","status":"publish","type":"product","link":"https:\/\/cristinasierra.com\/?product=corazon-de-corcho","title":{"rendered":"Coraz\u00f3n de Corcho Natural"},"content":{"rendered":"<p data-start=\"261\" data-end=\"540\">Piezas \u00fanicas hechas a mano por <strong data-start=\"293\" data-end=\"312\">Cristina Sierra<\/strong>, a partir del corcho extra\u00eddo en la <strong data-start=\"349\" data-end=\"369\">finca Los Llanos<\/strong>, en <strong data-start=\"374\" data-end=\"399\">Santa Olalla del Cala<\/strong> (Huelva).<br data-start=\"409\" data-end=\"412\" \/>Un material noble que la naturaleza nos regala cada <strong data-start=\"464\" data-end=\"478\">nueve a\u00f1os<\/strong> durante la saca, y que transformo con mimo, tiempo y respeto.<\/p>\n<p data-start=\"542\" data-end=\"751\">Cada coraz\u00f3n es diferente: <strong data-start=\"569\" data-end=\"593\">lo que dicta la pana<\/strong>, lo que me inspira cada forma, cada corte.<\/p>\n<p data-start=\"542\" data-end=\"751\">Las dimensiones pueden variar mucho entre unos y otros, desde piezas peque\u00f1as de unos 12 cm hasta otras grandes que superan los 30 cm.<\/p>\n<p data-start=\"542\" data-end=\"751\">Se cortan con radial, se lijan, se perforan para colgar y se rematan con cuerda natural. <strong data-start=\"728\" data-end=\"751\">No hay dos iguales.<\/strong><\/p>\n<p data-start=\"753\" data-end=\"1015\">Los hago porque me ayudan a conectar y a desconectar, porque disfruto utilizando las herramientas y trabajando con las manos.<br data-start=\"878\" data-end=\"881\" \/>\u00bfY para qu\u00e9? Para que lleguen a otra persona con toda la energ\u00eda y el amor que les pongo. Para que quien lo reciba sienta su historia.<\/p>\n<p data-start=\"753\" data-end=\"1015\"><strong data-start=\"1020\" data-end=\"1057\">Sostenibles, duraderos, con alma.<\/strong><br data-start=\"1057\" data-end=\"1060\" \/>El corcho es un recurso renovable que no da\u00f1a al \u00e1rbol. Este producto est\u00e1 pensado para perdurar, para formar parte de tu hogar durante generaciones. No es algo de usar y tirar. <strong data-start=\"1238\" data-end=\"1269\">Es algo que puedes heredar.<\/strong><\/p>\n<p data-start=\"1271\" data-end=\"1505\"><strong data-start=\"1275\" data-end=\"1303\">Producci\u00f3n muy limitada.<\/strong><br data-start=\"1303\" data-end=\"1306\" \/>No los hago en serie, ni tengo stock. Solo realizo unos pocos al a\u00f1o, los domingos, sin prisas ni presiones. Si me lo pides, puede que tarde en envi\u00e1rtelo. <strong data-start=\"1462\" data-end=\"1505\">Cada uno va a su ritmo. Como la dehesa.<\/strong><\/p>\n<p data-start=\"1271\" data-end=\"1505\"><strong data-start=\"1447\" data-end=\"1457\">Precio<\/strong><br data-start=\"1457\" data-end=\"1460\" \/>El precio m\u00ednimo es de <strong data-start=\"1483\" data-end=\"1491\">30 \u20ac m\u00e1s porte<\/strong>, y var\u00eda seg\u00fan el grosor y tama\u00f1o de cada pieza, ya que algunos corazones tienen la corcha m\u00e1s gorda y eso hace que sean m\u00e1s especiales y con m\u00e1s presencia.<\/p>\n<p data-start=\"1507\" data-end=\"1553\"><strong data-start=\"1507\" data-end=\"1553\">\u00bfQuieres uno? Escr\u00edbeme y lo creo para ti.<\/strong><\/p>\n","protected":false},"excerpt":{"rendered":"<p data-start=\"142\" data-end=\"385\"><strong data-start=\"142\" data-end=\"200\">Corazones de corcho artesanales, \u00fanicos y sostenibles.\u00a0<\/strong><br data-start=\"200\" data-end=\"203\" \/>Hechos a mano en finca Los Llanos, Santa Olalla del Cala.\u00a0<br data-start=\"260\" data-end=\"263\" \/>Piezas con alma, hechas con tiempo y amor.\u00a0<br data-start=\"305\" data-end=\"308\" \/>Precio desde 30 \u20ac, seg\u00fan tama\u00f1o y grosor.\u00a0<br data-start=\"349\" data-end=\"352\" \/>Por encargo, producci\u00f3n limitada.<\/p>\n","protected":false},"featured_media":418,"comment_status":"open","ping_status":"closed","template":"","meta":[],"product_brand":[24],"product_cat":[27],"product_tag":[31],"class_list":{"0":"post-419","1":"product","2":"type-product","3":"status-publish","4":"has-post-thumbnail","6":"product_brand-cristina-sierra","7":"product_cat-productos-artesanales","8":"product_tag-corcho","10":"first","11":"onbackorder","12":"taxable","13":"shipping-taxable","14":"purchasable","15":"product-type-simple"},"_links":{"self":[{"href":"https:\/\/cristinasierra.com\/index.php?rest_route=\/wp\/v2\/product\/419","targetHints":{"allow":["GET"]}}],"collection":[{"href":"https:\/\/cristinasierra.com\/index.php?rest_route=\/wp\/v2\/product"}],"about":[{"href":"https:\/\/cristinasierra.com\/index.php?rest_route=\/wp\/v2\/types\/product"}],"replies":[{"embeddable":true,"href":"https:\/\/cristinasierra.com\/index.php?rest_route=%2Fwp%2Fv2%2Fcomments&post=419"}],"wp:featuredmedia":[{"embeddable":true,"href":"https:\/\/cristinasierra.com\/index.php?rest_route=\/wp\/v2\/media\/418"}],"wp:attachment":[{"href":"https:\/\/cristinasierra.com\/index.php?rest_route=%2Fwp%2Fv2%2Fmedia&parent=419"}],"wp:term":[{"taxonomy":"product_brand","embeddable":true,"href":"https:\/\/cristinasierra.com\/index.php?rest_route=%2Fwp%2Fv2%2Fproduct_brand&post=419"},{"taxonomy":"product_cat","embeddable":true,"href":"https:\/\/cristinasierra.com\/index.php?rest_route=%2Fwp%2Fv2%2Fproduct_cat&post=419"},{"taxonomy":"product_tag","embeddable":true,"href":"https:\/\/cristinasierra.com\/index.php?rest_route=%2Fwp%2Fv2%2Fproduct_tag&post=419"}],"curies":[{"name":"wp","href":"https:\/\/api.w.org\/{rel}","templated":true}]}}